{"id":677,"date":"2022-01-31T00:23:50","date_gmt":"2022-01-31T00:23:50","guid":{"rendered":"https:\/\/novositecentro.ceperdaoecaridade.pt\/eventos\/"},"modified":"2022-04-07T10:11:52","modified_gmt":"2022-04-07T10:11:52","slug":"eventos","status":"publish","type":"page","link":"https:\/\/novositecentro.ceperdaoecaridade.pt\/inicio\/eventos\/","title":{"rendered":"Eventos"},"content":{"rendered":"<div class=\"\" style=\"\" >\n    \n    <section class=\"u-align-right u-clearfix u-image u-shading u-section-2\" id=\"sec-d616\" data-image-width=\"1280\" data-image-height=\"960\" style=\"background-image: linear-gradient(0deg, rgba(41, 49, 51, 0.6), rgba(41, 49, 51, 0.6)), url(&quot;https:\/\/novositecentro.ceperdaoecaridade.pt\/wp-content\/uploads\/2021\/11\/c50b3e01c93067da2837dbea5e5af2aa29d3745ce7c65d1717a65c18d3e0cf90179604306a7135b69d19474fdf4087bce1791250ff3e49cb0863a3_1280-2.jpg&quot;);\">\n      <div class=\"u-clearfix u-sheet u-sheet-1\">\n        <h1 class=\"u-align-left u-text u-title u-text-1\">EVENTOS<br>\n        <\/h1>\n        <p class=\"u-align-justify u-text u-text-body-alt-color u-text-2\">di\u00e1logos esp\u00edritas<br>\n          <br>Zoom:<br>\n          <a href=\"https:\/\/us02web.zoom.us\/j\/83620317803?pwd=bzdmeVZqYmZ3REhoOGFhZHRSUVFTUT09\" target=\"_blank\" rel=\"noopener noreferrer\" class=\"u-active-none u-border-none u-btn u-button-style u-hover-none u-none u-text-palette-1-base u-btn-1\">clique para entrar<\/a>\n          <br><b>Zoom ID<\/b>: 83620317803<br><b>Senha<\/b>: 000744<br>\n        <\/p>\n        <div class=\"u-clearfix u-expanded-width u-gutter-32 u-layout-wrap u-layout-wrap-1\">\n          <div class=\"u-layout\">\n            <div class=\"u-layout-row\">\n              <div class=\"u-border-no-bottom u-border-no-left u-border-no-right u-border-no-top u-container-style u-image u-image-contain u-layout-cell u-left-cell u-size-60 u-image-1\" data-image-width=\"2560\" data-image-height=\"1460\" style=\"background-image: url(&quot;https:\/\/novositecentro.ceperdaoecaridade.pt\/wp-content\/uploads\/2022\/02\/DEmaio2022-scaled.jpg&quot;);\">\n                <div class=\"u-container-layout u-container-layout-1\"><\/div>\n              <\/div>\n            <\/div>\n          <\/div>\n        <\/div>\n        <div class=\"u-clearfix u-expanded-width u-gutter-32 u-layout-wrap u-layout-wrap-2\">\n          <div class=\"u-layout\">\n            <div class=\"u-layout-row\">\n              <div class=\"u-border-no-bottom u-border-no-left u-border-no-right u-border-no-top u-container-style u-layout-cell u-left-cell u-size-29-lg u-size-29-md u-size-29-sm u-size-29-xs u-size-30-xl u-layout-cell-2\">\n                <div class=\"u-container-layout u-valign-middle-sm u-valign-top-xs u-container-layout-2\">\n                  <img decoding=\"async\" class=\"u-border-5 u-border-white u-image u-image-2\" src=\"https:\/\/novositecentro.ceperdaoecaridade.pt\/wp-content\/uploads\/2022\/02\/DEabril2022.jpg\" data-image-width=\"1280\" data-image-height=\"723\">\n                <\/div>\n              <\/div>\n              <div class=\"u-container-style u-layout-cell u-size-30-xl u-size-31-lg u-size-31-md u-size-31-sm u-size-31-xs u-layout-cell-3\">\n                <div class=\"u-container-layout u-valign-top-sm u-container-layout-3\">\n                  <img decoding=\"async\" class=\"u-expanded-width-lg u-expanded-width-md u-expanded-width-xl u-expanded-width-xs u-image u-image-contain u-image-3\" src=\"https:\/\/novositecentro.ceperdaoecaridade.pt\/wp-content\/uploads\/2022\/02\/DEmaro2022.jpg\" data-image-width=\"1280\" data-image-height=\"730\">\n                <\/div>\n              <\/div>\n            <\/div>\n          <\/div>\n        <\/div>\n      <\/div>\n    <\/section>\n    <section class=\"u-align-right u-clearfix u-image u-shading u-section-3\" id=\"carousel_da9d\" data-image-width=\"1280\" data-image-height=\"960\" style=\"background-image: linear-gradient(0deg, rgba(41, 49, 51, 0.6), rgba(41, 49, 51, 0.6)), url(&quot;https:\/\/novositecentro.ceperdaoecaridade.pt\/wp-content\/uploads\/2021\/11\/c50b3e01c93067da2837dbea5e5af2aa29d3745ce7c65d1717a65c18d3e0cf90179604306a7135b69d19474fdf4087bce1791250ff3e49cb0863a3_1280-2.jpg&quot;);\">\n      <div class=\"u-clearfix u-sheet u-sheet-1\">\n        <p class=\"u-align-center-xs u-align-justify-lg u-align-justify-md u-align-justify-sm u-align-justify-xl u-text u-text-body-alt-color u-text-1\">\n          <br>jornadas esp\u00edritas de lisboa<br>\n        <\/p>\n        <div class=\"u-clearfix u-expanded-width u-gutter-32 u-layout-wrap u-layout-wrap-1\">\n          <div class=\"u-layout\">\n            <div class=\"u-layout-row\">\n              <div class=\"u-border-no-bottom u-border-no-left u-border-no-right u-border-no-top u-container-style u-image u-layout-cell u-left-cell u-size-60 u-image-1\" data-image-width=\"2560\" data-image-height=\"1649\" style=\"background-image: url(&quot;https:\/\/novositecentro.ceperdaoecaridade.pt\/wp-content\/uploads\/2022\/04\/Jornadas2022comp-scaled.jpg&quot;);\">\n                <div class=\"u-container-layout u-container-layout-1\"><\/div>\n              <\/div>\n            <\/div>\n          <\/div>\n        <\/div>\n      <\/div>\n    <\/section>\n    \n    \n  \n<\/div>","protected":false},"excerpt":{"rendered":"<p>EVENTOS di\u00e1logos esp\u00edritas Zoom: clique para entrar Zoom ID: 83620317803Senha: 000744 jornadas esp\u00edritas de lisboa<\/p>\n","protected":false},"author":2,"featured_media":0,"parent":0,"menu_order":15,"comment_status":"closed","ping_status":"closed","template":"","meta":{"footnotes":""},"class_list":["post-677","page","type-page","status-publish","hentry","entry"],"_links":{"self":[{"href":"https:\/\/novositecentro.ceperdaoecaridade.pt\/inicio\/wp-json\/wp\/v2\/pages\/677","targetHints":{"allow":["GET"]}}],"collection":[{"href":"https:\/\/novositecentro.ceperdaoecaridade.pt\/inicio\/wp-json\/wp\/v2\/pages"}],"about":[{"href":"https:\/\/novositecentro.ceperdaoecaridade.pt\/inicio\/wp-json\/wp\/v2\/types\/page"}],"author":[{"embeddable":true,"href":"https:\/\/novositecentro.ceperdaoecaridade.pt\/inicio\/wp-json\/wp\/v2\/users\/2"}],"replies":[{"embeddable":true,"href":"https:\/\/novositecentro.ceperdaoecaridade.pt\/inicio\/wp-json\/wp\/v2\/comments?post=677"}],"version-history":[{"count":15,"href":"https:\/\/novositecentro.ceperdaoecaridade.pt\/inicio\/wp-json\/wp\/v2\/pages\/677\/revisions"}],"predecessor-version":[{"id":1389,"href":"https:\/\/novositecentro.ceperdaoecaridade.pt\/inicio\/wp-json\/wp\/v2\/pages\/677\/revisions\/1389"}],"wp:attachment":[{"href":"https:\/\/novositecentro.ceperdaoecaridade.pt\/inicio\/wp-json\/wp\/v2\/media?parent=677"}],"curies":[{"name":"wp","href":"https:\/\/api.w.org\/{rel}","templated":true}]}}