{"id":674,"date":"2022-01-31T00:23:47","date_gmt":"2022-01-31T00:23:47","guid":{"rendered":"https:\/\/novositecentro.ceperdaoecaridade.pt\/atendimento-fraterno-pessoal\/"},"modified":"2022-04-04T14:07:37","modified_gmt":"2022-04-04T14:07:37","slug":"atendimento-fraterno-pessoal","status":"publish","type":"page","link":"https:\/\/novositecentro.ceperdaoecaridade.pt\/inicio\/atendimento-fraterno-pessoal\/","title":{"rendered":"Atendimento Pessoal"},"content":{"rendered":"<div class=\"\" style=\"\" >\n    \n    <section class=\"u-align-left u-clearfix u-image u-shading u-section-2\" src=\"\" data-image-width=\"1280\" data-image-height=\"854\" id=\"sec-225e\" style=\"background-image: linear-gradient(0deg, rgba(51, 47, 41, 0.6), rgba(51, 47, 41, 0.6)), url(&quot;https:\/\/novositecentro.ceperdaoecaridade.pt\/wp-content\/uploads\/2022\/01\/f91e9715e1170a3ce2e78032e35135eddc24952dbae27ebc990dd3a396ed19efbf2045ea22bbe287dc885f3bfa0eb156e8c854e45799e0c9ad33e6_1280-1.jpg&quot;);\">\n      <div class=\"u-clearfix u-sheet u-sheet-1\">\n        <h1 class=\"u-text u-title u-text-1\">ATENDIMENTO&nbsp;PESSOAL <\/h1>\n        <p class=\"u-align-justify u-text u-text-2\"> O Atendimento Pessoal \u00e9 um servi\u00e7o edificante, facultado a todas pessoas que desejam ajuda e buscam orienta\u00e7\u00e3o para as suas dores, conflitos, anseios e problemas de natureza existencial. Realizado de forma privada, poder\u00e1, se assim o entender, expor livremente suas d\u00favidas e dificuldades e receber a orienta\u00e7\u00e3o fraterna e consoladora, de acordo com os ensinamentos esp\u00edritas.<br>\n          <br>Tem como objetivo fornecer, a todas as criaturas que buscam ajuda, uma compreens\u00e3o elevada \u00e0 luz da Doutrina dos Esp\u00edritos e baseada no Evangelho de Jesus.<br>\n          <br>Por favor consulte os nossos&nbsp;<a href=\"https:\/\/novositecentro.ceperdaoecaridade.pt\/horarios\/\" class=\"u-active-none u-border-none u-btn u-button-style u-hover-none u-none u-text-palette-1-base u-btn-1\">hor\u00e1rios<\/a>&nbsp;destinados ao Atendimento Pessoal, presencial e&nbsp;online, e solicite o apoio desejado, tendo em aten\u00e7\u00e3o que deve sempre de fazer marca\u00e7\u00e3o pr\u00e9via para o Atendimento Pessoal online via +351 911 085 036. O Atendimento Pessoal presencial \u00e9 por ordem de chegada.<br>\n          <br>\n          <span style=\"font-weight: 700;\">O atendimento \u00e9 gratuito, como qualquer outra tarefa desenvolvida na Casa Esp\u00edrita.<\/span>\n        <\/p>\n      <\/div>\n    <\/section>\n    \n    \n  \n<\/div>","protected":false},"excerpt":{"rendered":"<p>ATENDIMENTO&nbsp;PESSOAL O Atendimento Pessoal \u00e9 um servi\u00e7o edificante, facultado a todas pessoas que desejam ajuda e buscam orienta\u00e7\u00e3o para as suas dores, conflitos, anseios e problemas de natureza existencial. Realizado de forma privada, poder\u00e1, se assim o entender, expor livremente suas d\u00favidas e dificuldades e receber a orienta\u00e7\u00e3o fraterna e consoladora, de acordo com os&hellip; <a class=\"more-link\" href=\"https:\/\/novositecentro.ceperdaoecaridade.pt\/inicio\/atendimento-fraterno-pessoal\/\">Continue a ler <span class=\"screen-reader-text\">Atendimento Pessoal<\/span><\/a><\/p>\n","protected":false},"author":2,"featured_media":0,"parent":0,"menu_order":12,"comment_status":"closed","ping_status":"closed","template":"","meta":{"footnotes":""},"class_list":["post-674","page","type-page","status-publish","hentry","entry"],"_links":{"self":[{"href":"https:\/\/novositecentro.ceperdaoecaridade.pt\/inicio\/wp-json\/wp\/v2\/pages\/674","targetHints":{"allow":["GET"]}}],"collection":[{"href":"https:\/\/novositecentro.ceperdaoecaridade.pt\/inicio\/wp-json\/wp\/v2\/pages"}],"about":[{"href":"https:\/\/novositecentro.ceperdaoecaridade.pt\/inicio\/wp-json\/wp\/v2\/types\/page"}],"author":[{"embeddable":true,"href":"https:\/\/novositecentro.ceperdaoecaridade.pt\/inicio\/wp-json\/wp\/v2\/users\/2"}],"replies":[{"embeddable":true,"href":"https:\/\/novositecentro.ceperdaoecaridade.pt\/inicio\/wp-json\/wp\/v2\/comments?post=674"}],"version-history":[{"count":6,"href":"https:\/\/novositecentro.ceperdaoecaridade.pt\/inicio\/wp-json\/wp\/v2\/pages\/674\/revisions"}],"predecessor-version":[{"id":1285,"href":"https:\/\/novositecentro.ceperdaoecaridade.pt\/inicio\/wp-json\/wp\/v2\/pages\/674\/revisions\/1285"}],"wp:attachment":[{"href":"https:\/\/novositecentro.ceperdaoecaridade.pt\/inicio\/wp-json\/wp\/v2\/media?parent=674"}],"curies":[{"name":"wp","href":"https:\/\/api.w.org\/{rel}","templated":true}]}}