{"id":673,"date":"2022-01-31T00:23:46","date_gmt":"2022-01-31T00:23:46","guid":{"rendered":"https:\/\/novositecentro.ceperdaoecaridade.pt\/dij\/"},"modified":"2022-02-11T10:16:07","modified_gmt":"2022-02-11T10:16:07","slug":"dij","status":"publish","type":"page","link":"https:\/\/novositecentro.ceperdaoecaridade.pt\/inicio\/dij\/","title":{"rendered":"DIJ"},"content":{"rendered":"<div class=\"\" style=\"\" >\n    \n    <section class=\"u-align-left u-clearfix u-image u-shading u-section-2\" src=\"\" data-image-width=\"1280\" data-image-height=\"853\" id=\"sec-c8f5\" style=\"background-image: linear-gradient(0deg, rgba(51, 47, 41, 0.65), rgba(51, 47, 41, 0.65)), url(&quot;https:\/\/novositecentro.ceperdaoecaridade.pt\/wp-content\/uploads\/2022\/01\/gb6e91c36d3d7cca89fb632da9cfe97ae11ab14612247dbcb31c304e28feb95649334c9c3d64793b5a0d28e4f012121837f7fdabc44a4fb49531bf99d53a8d2b6_1280-1.jpg&quot;);\">\n      <div class=\"u-clearfix u-sheet u-sheet-1\">\n        <h1 class=\"u-text u-title u-text-1\">departamento<span style=\"font-size: 2.25rem;\"><\/span>&nbsp;infanto-juvenil (DIJ) \n        <\/h1>\n        <p class=\"u-align-justify u-text u-text-2\">O Departamento Infanto-Juvenil, constitu\u00eddo por um grupo de evangelizadores e colaboradores dedicados, visa a instru\u00e7\u00e3o e educa\u00e7\u00e3o de crian\u00e7as e jovens desde os 3 aos 21 anos de idade.<br>\n          <br>As nossas atividades s\u00e3o desenvolvidas por grupos et\u00e1rios e ter\u00e3o uma dura\u00e7\u00e3o de tempo entre 20 a 30 minutos. <br>\n          <br>As inscri\u00e7\u00f5es para o ano 2021\/22 est\u00e3o abertas e devem ser feitas previamente.<br>\n          <br> As atividades do DIJ ir\u00e3o rea\u200blizar-se online aos S\u00e1bados, com in\u00edcio no dia 02 de Outubro de 2021 das 10h00 - 12h00.<br>\n          <br>Fa\u00e7a o download da ficha de inscri\u00e7\u00e3o&nbsp;<a href=\"https:\/\/ceperdaoecaridade.pt\/images\/dij\/Ficha%20de%20inscricao%20DIJ.docx\" target=\"_blank\" rel=\"noopener noreferrer\" title=\"Ficha de Inscri\u00e7\u00e3o do DIJ\" class=\"u-active-none u-border-none u-btn u-button-style u-hover-none u-none u-text-palette-1-base u-btn-1\">aqui<\/a>, imprima&nbsp;e depois de preenchida&nbsp;envie para o email do DIJ :&nbsp;<a href=\"mailto:luispaulodij@gmail.com\" target=\"_blank\" rel=\"nofollow noopener noreferrer\" shape=\"rect\" class=\"u-active-none u-border-none u-btn u-button-style u-hover-none u-none u-text-palette-1-base u-btn-2\">luispaulodij@gmail.com<\/a>\n          <br>\n          <br>Em alternativa pode preencher o formul\u00e1rio de inscri\u00e7\u00e3o Online&nbsp;<a href=\"https:\/\/forms.gle\/HPnjEbnKfFGAyCjz6\" target=\"_blank\" rel=\"noopener noreferrer\" class=\"u-active-none u-border-none u-btn u-button-style u-hover-none u-none u-text-palette-1-base u-btn-3\">aqui<\/a>.<br>\n          <br>Para alguma informa\u00e7\u00e3o adicional contacte-nos:&nbsp;<a href=\"mailto:luispaulodij@gmail.com\" target=\"_blank\" rel=\"nofollow noopener noreferrer\" shape=\"rect\" class=\"u-active-none u-border-none u-btn u-button-style u-hover-none u-none u-text-palette-1-base u-btn-4\">luispaulodij@gmail.com<\/a>\n          <br>\n          <br>Consulte o&nbsp;<a href=\"https:\/\/novositecentro.ceperdaoecaridade.pt\/horarios\/\" class=\"u-active-none u-border-none u-btn u-button-style u-hover-none u-none u-text-palette-1-base u-btn-5\">hor\u00e1rio<\/a>&nbsp;do CEPC.&nbsp;<br>\n        <\/p>\n        <img decoding=\"async\" class=\"u-border-20 u-border-palette-2-dark-2 u-file-link u-image u-image-default u-image-1\" src=\"https:\/\/novositecentro.ceperdaoecaridade.pt\/wp-content\/uploads\/2022\/02\/cordeirinhos-1.png\" alt=\"\" data-image-width=\"553\" data-image-height=\"787\" data-href=\"https:\/\/novositecentro.ceperdaoecaridade.pt\/wp-content\/uploads\/2022\/02\/OsCordeirinhos.pdf\" title=\"oscordeirinhos-pdf\">\n      <\/div>\n    <\/section>\n    \n    \n  \n<\/div>","protected":false},"excerpt":{"rendered":"<p>departamento&nbsp;infanto-juvenil (DIJ) O Departamento Infanto-Juvenil, constitu\u00eddo por um grupo de evangelizadores e colaboradores dedicados, visa a instru\u00e7\u00e3o e educa\u00e7\u00e3o de crian\u00e7as e jovens desde os 3 aos 21 anos de idade. As nossas atividades s\u00e3o desenvolvidas por grupos et\u00e1rios e ter\u00e3o uma dura\u00e7\u00e3o de tempo entre 20 a 30 minutos. As inscri\u00e7\u00f5es para o ano&hellip; <a class=\"more-link\" href=\"https:\/\/novositecentro.ceperdaoecaridade.pt\/inicio\/dij\/\">Continue a ler <span class=\"screen-reader-text\">DIJ<\/span><\/a><\/p>\n","protected":false},"author":2,"featured_media":0,"parent":0,"menu_order":11,"comment_status":"closed","ping_status":"closed","template":"","meta":{"footnotes":""},"class_list":["post-673","page","type-page","status-publish","hentry","entry"],"_links":{"self":[{"href":"https:\/\/novositecentro.ceperdaoecaridade.pt\/inicio\/wp-json\/wp\/v2\/pages\/673","targetHints":{"allow":["GET"]}}],"collection":[{"href":"https:\/\/novositecentro.ceperdaoecaridade.pt\/inicio\/wp-json\/wp\/v2\/pages"}],"about":[{"href":"https:\/\/novositecentro.ceperdaoecaridade.pt\/inicio\/wp-json\/wp\/v2\/types\/page"}],"author":[{"embeddable":true,"href":"https:\/\/novositecentro.ceperdaoecaridade.pt\/inicio\/wp-json\/wp\/v2\/users\/2"}],"replies":[{"embeddable":true,"href":"https:\/\/novositecentro.ceperdaoecaridade.pt\/inicio\/wp-json\/wp\/v2\/comments?post=673"}],"version-history":[{"count":3,"href":"https:\/\/novositecentro.ceperdaoecaridade.pt\/inicio\/wp-json\/wp\/v2\/pages\/673\/revisions"}],"predecessor-version":[{"id":832,"href":"https:\/\/novositecentro.ceperdaoecaridade.pt\/inicio\/wp-json\/wp\/v2\/pages\/673\/revisions\/832"}],"wp:attachment":[{"href":"https:\/\/novositecentro.ceperdaoecaridade.pt\/inicio\/wp-json\/wp\/v2\/media?parent=673"}],"curies":[{"name":"wp","href":"https:\/\/api.w.org\/{rel}","templated":true}]}}