{"id":670,"date":"2022-01-31T00:23:43","date_gmt":"2022-01-31T00:23:43","guid":{"rendered":"https:\/\/novositecentro.ceperdaoecaridade.pt\/roteiro-de-luz\/"},"modified":"2022-03-24T11:00:46","modified_gmt":"2022-03-24T11:00:46","slug":"roteiro-de-luz","status":"publish","type":"page","link":"https:\/\/novositecentro.ceperdaoecaridade.pt\/inicio\/roteiro-de-luz\/","title":{"rendered":"Boletim"},"content":{"rendered":"<div class=\"\" style=\"\" >\n    \n    <section class=\"u-align-right u-clearfix u-image u-shading u-section-2\" id=\"sec-fa96\" data-image-width=\"1280\" data-image-height=\"853\" style=\"background-image: linear-gradient(0deg, rgba(51, 47, 41, 0.65), rgba(51, 47, 41, 0.65)), url(&quot;https:\/\/novositecentro.ceperdaoecaridade.pt\/wp-content\/uploads\/2022\/02\/1aa1498cca088167b72d344e80a731aeee59d83df28e6da8c5c5661c2f5c42f244508dfe1412d96da62cad89f2b7b6c0a7e30a52280c7f4d5f583d_1280.jpg&quot;);\">\n      <div class=\"u-clearfix u-sheet u-sheet-1\">\n        <h1 class=\"u-align-left u-text u-title u-text-1\">BOLETIm informativo<br>\n        <\/h1>\n        <p class=\"u-align-left u-large-text u-text u-text-variant u-text-2\">Boletim Informativo Trimestral. Consulte todas as edi\u00e7\u00f5es publicadas abaixo.<\/p>\n        <img decoding=\"async\" class=\"u-image u-image-default u-image-1\" src=\"https:\/\/novositecentro.ceperdaoecaridade.pt\/wp-content\/uploads\/2022\/02\/roteiro0021-scaled.jpg\" alt=\"\" data-image-width=\"2560\" data-image-height=\"734\">\n        <div class=\"u-accordion u-spacing-2 u-accordion-1\">\n          <div class=\"u-accordion-item\">\n            <a class=\"active u-accordion-link u-border-1 u-border-active-grey-25 u-border-grey-30 u-border-hover-grey-30 u-border-no-left u-border-no-right u-border-no-top u-button-style u-text-active-white u-text-body-alt-color u-text-hover-palette-1-base u-accordion-link-1\" id=\"link-accordion-7c0e\" aria-controls=\"accordion-7c0e\" aria-selected=\"true\">\n              <span class=\"u-accordion-link-text\">roteiro de luz<\/span><span class=\"u-accordion-link-icon u-icon u-text-grey-40 u-icon-1\"><svg class=\"u-svg-link\" preserveAspectRatio=\"xMidYMin slice\" viewBox=\"0 0 512 512\" style=\"\"><use xlink:href=\"#svg-efea\"><\/use><\/svg><svg xmlns=\"http:\/\/www.w3.org\/2000\/svg\" xmlns:xlink=\"http:\/\/www.w3.org\/1999\/xlink\" version=\"1.1\" xml:space=\"preserve\" class=\"u-svg-content\" viewBox=\"0 0 512 512\" x=\"0px\" y=\"0px\" id=\"svg-efea\" style=\"enable-background:new 0 0 512 512;\"><g><g><path d=\"M509.121,125.966c-3.838-3.838-10.055-3.838-13.893,0L256.005,365.194L16.771,125.966c-3.838-3.838-10.055-3.838-13.893,0    c-3.838,3.838-3.838,10.055,0,13.893l246.18,246.175c1.842,1.842,4.337,2.878,6.947,2.878c2.61,0,5.104-1.036,6.946-2.878    l246.17-246.175C512.959,136.021,512.959,129.804,509.121,125.966z\"><\/path>\n<\/g>\n<\/g><\/svg><\/span>\n            <\/a>\n            <div class=\"u-accordion-active u-accordion-pane u-align-left u-container-style u-accordion-pane-1\" id=\"accordion-7c0e\" aria-labelledby=\"link-accordion-7c0e\">\n              <div class=\"u-container-layout u-container-layout-1\">\n                <div class=\"u-expanded-width u-table u-table-responsive u-table-1\">\n                  <table class=\"u-table-entity\">\n                    <colgroup>\n                      <col width=\"19.35%\">\n                      <col width=\"2.93%\">\n                      <col width=\"28.15%\">\n                      <col width=\"16.13%\">\n                      <col width=\"16.42%\">\n                      <col width=\"17.01%\">\n                    <\/colgroup>\n                    <thead class=\"u-align-center u-palette-4-base u-table-header u-text-palette-1-dark-2 u-table-header-1\">\n                      <tr style=\"height: 72px;\">\n                        <th class=\"u-border-1 u-border-palette-4-base u-table-cell\">t\u00edtulo<\/th>\n                        <th class=\"u-border-1 u-border-palette-4-base u-table-cell\">data de publica\u00e7\u00e3o<\/th>\n                        <th class=\"u-border-1 u-border-palette-4-base u-table-cell\">t\u00edtulo<\/th>\n                        <th class=\"u-border-1 u-border-palette-4-base u-table-cell\">data de publica\u00e7\u00e3o<\/th>\n                        <th class=\"u-border-1 u-border-palette-4-base u-table-cell\">t\u00edtulo<\/th>\n                        <th class=\"u-border-1 u-border-palette-4-base u-table-cell\">data de publica\u00e7\u00e3o<\/th>\n                      <\/tr>\n                    <\/thead>\n                    <tbody class=\"u-table-body u-text-body-alt-color u-table-body-1\">\n                      <tr style=\"height: 97px;\">\n                        <td class=\"u-border-1 u-border-grey-30 u-table-cell u-text-body-alt-color\">\n                          <a href=\"https:\/\/novositecentro.ceperdaoecaridade.pt\/wp-content\/uploads\/2022\/01\/CEPC_RoteirodeLuzn.193.pdf\" class=\"u-active-none u-border-none u-btn u-button-link u-button-style u-file-link u-hover-none u-none u-text-palette-1-base u-btn-1\">Ano XXVI N\u00ba 193<\/a>\n                        <\/td>\n                        <td class=\"u-border-1 u-border-grey-30 u-table-cell\">22\/01\/2022<\/td>\n                        <td class=\"u-border-1 u-border-grey-30 u-table-cell\">\n                          <a href=\"https:\/\/novositecentro.ceperdaoecaridade.pt\/wp-content\/uploads\/2022\/01\/RoteirodeLuz192.CEPC_.pdf\" class=\"u-active-none u-border-none u-btn u-button-style u-file-link u-hover-none u-none u-text-palette-1-base u-btn-2\" target=\"_blank\">Ano XXVI N\u00ba 192<\/a>\n                        <\/td>\n                        <td class=\"u-border-1 u-border-grey-30 u-table-cell\">22\/11\/2021<\/td>\n                        <td class=\"u-border-1 u-border-grey-30 u-table-cell\">\n                          <a class=\"u-active-none u-border-none u-btn u-button-link u-button-style u-file-link u-hover-none u-none u-text-palette-1-base u-btn-3\" href=\"https:\/\/novositecentro.ceperdaoecaridade.pt\/wp-content\/uploads\/2022\/01\/RoteirodeLuzCEPC_191.pdf\" target=\"_blank\">Ano XXVI N\u00ba 191<\/a>\n                        <\/td>\n                        <td class=\"u-border-1 u-border-grey-30 u-table-cell\">11\/08\/2021<\/td>\n                      <\/tr>\n                      <tr style=\"height: 97px;\">\n                        <td class=\"u-border-1 u-border-grey-30 u-first-column u-table-cell u-text-body-alt-color\">\n                          <a href=\"https:\/\/novositecentro.ceperdaoecaridade.pt\/wp-content\/uploads\/2022\/01\/CEPC_RoteirodeLuzn.190_web.pdf\" class=\"u-active-none u-border-none u-btn u-button-link u-button-style u-file-link u-hover-none u-none u-text-palette-1-base u-btn-4\" target=\"_blank\"> Ano XXVI N\u00ba 190<\/a>\n                        <\/td>\n                        <td class=\"u-border-1 u-border-grey-30 u-table-cell\">02\/06\/2021<\/td>\n                        <td class=\"u-border-1 u-border-grey-30 u-table-cell\">\n                          <a href=\"https:\/\/novositecentro.ceperdaoecaridade.pt\/wp-content\/uploads\/2022\/02\/Roteiro189.pdf\" class=\"u-active-none u-border-none u-btn u-button-link u-button-style u-file-link u-hover-none u-none u-text-palette-1-base u-btn-5\" target=\"_blank\">&nbsp;Ano XXVI N\u00ba 189<\/a>\n                        <\/td>\n                        <td class=\"u-border-1 u-border-grey-30 u-table-cell\">02\/03\/2021<\/td>\n                        <td class=\"u-border-1 u-border-grey-30 u-table-cell\">\n                          <a class=\"u-active-none u-border-none u-btn u-button-link u-button-style u-file-link u-hover-none u-none u-text-palette-1-base u-btn-6\" href=\"https:\/\/novositecentro.ceperdaoecaridade.pt\/wp-content\/uploads\/2022\/02\/Roteiro188.pdf\" target=\"_blank\">&nbsp;Ano XXV N\u00ba 188<\/a>\n                        <\/td>\n                        <td class=\"u-border-1 u-border-grey-30 u-table-cell\">11\/12\/2020<\/td>\n                      <\/tr>\n                      <tr style=\"height: 97px;\">\n                        <td class=\"u-border-1 u-border-grey-30 u-table-cell u-text-body-alt-color\">\n                          <a class=\"u-active-none u-border-none u-btn u-button-link u-button-style u-file-link u-hover-none u-none u-text-palette-1-base u-btn-7\" href=\"https:\/\/novositecentro.ceperdaoecaridade.pt\/wp-content\/uploads\/2022\/02\/Roteiro187.pdf\" target=\"_blank\">Ano XXV N\u00ba 187<\/a>\n                        <\/td>\n                        <td class=\"u-border-1 u-border-grey-30 u-table-cell\">18\/09\/2020<\/td>\n                        <td class=\"u-border-1 u-border-grey-30 u-table-cell\">\n                          <a href=\"https:\/\/novositecentro.ceperdaoecaridade.pt\/wp-content\/uploads\/2022\/02\/Roteiro186.pdf\" class=\"u-active-none u-border-none u-btn u-button-link u-button-style u-file-link u-hover-none u-none u-text-palette-1-base u-btn-8\" target=\"_blank\">Ano XXV N\u00ba 186<\/a>\n                        <\/td>\n                        <td class=\"u-border-1 u-border-grey-30 u-table-cell\">01\/04\/2020<\/td>\n                        <td class=\"u-border-1 u-border-grey-30 u-table-cell\">\n                          <a href=\"https:\/\/novositecentro.ceperdaoecaridade.pt\/wp-content\/uploads\/2022\/02\/Roteiro185.pdf\" class=\"u-active-none u-border-none u-btn u-button-link u-button-style u-file-link u-hover-none u-none u-text-palette-1-base u-btn-9\" target=\"_blank\">Ano XXV N\u00ba 185<\/a>\n                        <\/td>\n                        <td class=\"u-border-1 u-border-grey-30 u-table-cell\">01\/01\/2020<\/td>\n                      <\/tr>\n                      <tr style=\"height: 97px;\">\n                        <td class=\"u-border-1 u-border-grey-30 u-table-cell u-text-body-alt-color\">\n                          <a href=\"https:\/\/novositecentro.ceperdaoecaridade.pt\/wp-content\/uploads\/2022\/02\/Roteiro184.pdf\" class=\"u-active-none u-border-none u-btn u-button-link u-button-style u-file-link u-hover-none u-none u-text-palette-1-base u-btn-10\" target=\"_blank\">Ano XXIV N\u00ba 184<\/a>\n                        <\/td>\n                        <td class=\"u-border-1 u-border-grey-30 u-table-cell\">01\/10\/2019<\/td>\n                        <td class=\"u-border-1 u-border-grey-30 u-table-cell\">\n                          <a class=\"u-active-none u-border-none u-btn u-button-link u-button-style u-file-link u-hover-none u-none u-text-palette-1-base u-btn-11\" href=\"https:\/\/novositecentro.ceperdaoecaridade.pt\/wp-content\/uploads\/2022\/02\/Roteiro183.pdf\" target=\"_blank\">Ano XXIV N\u00ba 183<\/a>\n                        <\/td>\n                        <td class=\"u-border-1 u-border-grey-30 u-table-cell\">01\/07\/2019<\/td>\n                        <td class=\"u-border-1 u-border-grey-30 u-table-cell\">\n                          <a class=\"u-active-none u-border-none u-btn u-button-link u-button-style u-file-link u-hover-none u-none u-text-palette-1-base u-btn-12\" href=\"https:\/\/novositecentro.ceperdaoecaridade.pt\/wp-content\/uploads\/2022\/02\/Roteiro182.pdf\" target=\"_blank\">Ano XXIV N\u00ba 182<\/a>\n                        <\/td>\n                        <td class=\"u-border-1 u-border-grey-30 u-table-cell\">01\/04\/2019<\/td>\n                      <\/tr>\n                      <tr style=\"height: 97px;\">\n                        <td class=\"u-border-1 u-border-grey-30 u-table-cell u-text-body-alt-color\">\n                          <a href=\"https:\/\/novositecentro.ceperdaoecaridade.pt\/wp-content\/uploads\/2022\/02\/Roteiro181.pdf\" class=\"u-active-none u-border-none u-btn u-button-link u-button-style u-file-link u-hover-none u-none u-text-palette-1-base u-btn-13\" target=\"_blank\">Ano XXIV N\u00ba 181<\/a>\n                        <\/td>\n                        <td class=\"u-border-1 u-border-grey-30 u-table-cell\">01\/01\/2019<\/td>\n                        <td class=\"u-border-1 u-border-grey-30 u-table-cell\">\n                          <a href=\"https:\/\/novositecentro.ceperdaoecaridade.pt\/wp-content\/uploads\/2022\/02\/Roteiro180.pdf\" class=\"u-active-none u-border-none u-btn u-button-link u-button-style u-file-link u-hover-none u-none u-text-palette-1-base u-btn-14\" target=\"_blank\">Ano XXIII N\u00ba 180<\/a>\n                        <\/td>\n                        <td class=\"u-border-1 u-border-grey-30 u-table-cell\">01\/07\/2018<\/td>\n                        <td class=\"u-border-1 u-border-grey-30 u-table-cell\">\n                          <a href=\"https:\/\/novositecentro.ceperdaoecaridade.pt\/wp-content\/uploads\/2022\/02\/Roteiro179.pdf\" class=\"u-active-none u-border-none u-btn u-button-link u-button-style u-file-link u-hover-none u-none u-text-palette-1-base u-btn-15\" target=\"_blank\">Ano XXIII N\u00ba 179<\/a>\n                        <\/td>\n                        <td class=\"u-border-1 u-border-grey-30 u-table-cell\">01\/04\/2018<\/td>\n                      <\/tr>\n                      <tr style=\"height: 97px;\">\n                        <td class=\"u-border-1 u-border-grey-30 u-table-cell u-text-body-alt-color\">\n                          <a href=\"https:\/\/novositecentro.ceperdaoecaridade.pt\/wp-content\/uploads\/2022\/02\/Roteiro178.pdf\" class=\"u-active-none u-border-none u-btn u-button-link u-button-style u-file-link u-hover-none u-none u-text-palette-1-base u-btn-16\" target=\"_blank\">Ano XXIII N\u00ba 178<\/a>\n                        <\/td>\n                        <td class=\"u-border-1 u-border-grey-30 u-table-cell\">01\/01\/2018<\/td>\n                        <td class=\"u-border-1 u-border-grey-30 u-table-cell\">\n                          <a href=\"https:\/\/novositecentro.ceperdaoecaridade.pt\/wp-content\/uploads\/2022\/02\/Roteiro177.pdf\" class=\"u-active-none u-border-none u-btn u-button-link u-button-style u-file-link u-hover-none u-none u-text-palette-1-base u-btn-17\" target=\"_blank\">Ano XXII N\u00ba 177<\/a>\n                        <\/td>\n                        <td class=\"u-border-1 u-border-grey-30 u-table-cell\">01\/10\/2017<\/td>\n                        <td class=\"u-border-1 u-border-grey-30 u-table-cell\">\n                          <a href=\"https:\/\/novositecentro.ceperdaoecaridade.pt\/wp-content\/uploads\/2022\/02\/roteiro176.pdf\" class=\"u-active-none u-border-none u-btn u-button-link u-button-style u-file-link u-hover-none u-none u-text-palette-1-base u-btn-18\">Ano XXII N\u00ba 176<\/a>\n                        <\/td>\n                        <td class=\"u-border-1 u-border-grey-30 u-table-cell\">01\/07\/2017<\/td>\n                      <\/tr>\n                      <tr style=\"height: 97px;\">\n                        <td class=\"u-border-1 u-border-grey-30 u-table-cell u-text-body-alt-color\">\n                          <a href=\"https:\/\/novositecentro.ceperdaoecaridade.pt\/wp-content\/uploads\/2022\/02\/Roteiro175.pdf\" class=\"u-active-none u-border-none u-btn u-button-link u-button-style u-file-link u-hover-none u-none u-text-palette-1-base u-btn-19\">Ano XXII N\u00ba 175<\/a>\n                        <\/td>\n                        <td class=\"u-border-1 u-border-grey-30 u-table-cell\">16\/05\/2017<\/td>\n                        <td class=\"u-border-1 u-border-grey-30 u-table-cell\">\n                          <a href=\"https:\/\/novositecentro.ceperdaoecaridade.pt\/wp-content\/uploads\/2022\/02\/Roteiro1743.pdf\" class=\"u-active-none u-border-none u-btn u-button-link u-button-style u-file-link u-hover-none u-none u-text-palette-1-base u-btn-20\" target=\"_blank\">Ano XXII N\u00ba 174<\/a>\n                        <\/td>\n                        <td class=\"u-border-1 u-border-grey-30 u-table-cell\">09\/03\/2017<\/td>\n                        <td class=\"u-border-1 u-border-grey-30 u-table-cell\">\n                          <a href=\"https:\/\/novositecentro.ceperdaoecaridade.pt\/wp-content\/uploads\/2022\/02\/Roteiro1732.pdf\" class=\"u-active-none u-border-none u-btn u-button-link u-button-style u-file-link u-hover-none u-none u-text-palette-1-base u-btn-21\" target=\"_blank\">Ano XXI N\u00ba 173<\/a>\n                        <\/td>\n                        <td class=\"u-border-1 u-border-grey-30 u-table-cell\">02\/12\/2016<\/td>\n                      <\/tr>\n                      <tr style=\"height: 71px;\">\n                        <td class=\"u-border-1 u-border-grey-30 u-table-cell u-text-body-alt-color\">\n                          <a href=\"https:\/\/novositecentro.ceperdaoecaridade.pt\/wp-content\/uploads\/2022\/02\/Roteiro172.pdf\" class=\"u-active-none u-border-none u-btn u-button-link u-button-style u-file-link u-hover-none u-none u-text-palette-1-base u-btn-22\">Ano XXI N\u00ba 172<\/a>\n                        <\/td>\n                        <td class=\"u-border-1 u-border-grey-30 u-table-cell\">22\/09\/2016<\/td>\n                        <td class=\"u-border-1 u-border-grey-30 u-table-cell\">\n                          <a href=\"https:\/\/novositecentro.ceperdaoecaridade.pt\/wp-content\/uploads\/2022\/02\/roteiro1712.pdf\" class=\"u-active-none u-border-none u-btn u-button-link u-button-style u-file-link u-hover-none u-none u-text-palette-1-base u-btn-23\" target=\"_blank\">Ano XXI N\u00ba 171<\/a>\n                        <\/td>\n                        <td class=\"u-border-1 u-border-grey-30 u-table-cell\">15\/06\/2016<\/td>\n                        <td class=\"u-border-1 u-border-grey-30 u-table-cell\">\n                          <a href=\"https:\/\/novositecentro.ceperdaoecaridade.pt\/wp-content\/uploads\/2022\/02\/Roteiro170.pdf\" class=\"u-active-none u-border-none u-btn u-button-link u-button-style u-file-link u-hover-none u-none u-text-palette-1-base u-btn-24\" target=\"_blank\">Ano XXI N\u00ba 170<\/a>\n                        <\/td>\n                        <td class=\"u-border-1 u-border-grey-30 u-table-cell\">23\/04\/2016<\/td>\n                      <\/tr>\n                    <\/tbody>\n                  <\/table>\n                <\/div>\n                <div class=\"u-clearfix u-expanded-width u-layout-wrap u-layout-wrap-1\">\n                  <div class=\"u-layout\">\n                    <div class=\"u-layout-col\">\n                      <div class=\"u-size-30\">\n                        <div class=\"u-layout-row\">\n                          <div class=\"u-container-style u-layout-cell u-size-30 u-layout-cell-1\">\n                            <div class=\"u-container-layout u-container-layout-2\">\n                              <div class=\"u-table u-table-responsive u-table-2\">\n                                <table class=\"u-table-entity\">\n                                  <colgroup>\n                                    <col width=\"49.9%\">\n                                    <col width=\"50.1%\">\n                                  <\/colgroup>\n                                  <tbody class=\"u-table-body\">\n                                    <tr style=\"height: 56px;\">\n                                      <td class=\"u-border-1 u-border-grey-dark-1 u-table-cell\">\n                                        <a class=\"u-active-none u-border-none u-btn u-button-link u-button-style u-file-link u-hover-none u-none u-text-hover-palette-2-base u-text-palette-1-base u-btn-25\" href=\"https:\/\/novositecentro.ceperdaoecaridade.pt\/wp-content\/uploads\/2022\/02\/OsCordeirinhos.pdf\">Ano x No tal<\/a>\n                                      <\/td>\n                                      <td class=\"u-border-1 u-border-grey-dark-1 u-table-cell\"><\/td>\n                                    <\/tr>\n                                    <tr style=\"height: 56px;\">\n                                      <td class=\"u-border-1 u-border-grey-dark-1 u-table-cell\"><\/td>\n                                      <td class=\"u-border-1 u-border-grey-dark-1 u-table-cell\"><\/td>\n                                    <\/tr>\n                                    <tr style=\"height: 56px;\">\n                                      <td class=\"u-border-1 u-border-grey-dark-1 u-table-cell\"><\/td>\n                                      <td class=\"u-border-1 u-border-grey-dark-1 u-table-cell\"><\/td>\n                                    <\/tr>\n                                  <\/tbody>\n                                <\/table>\n                              <\/div>\n                            <\/div>\n                          <\/div>\n                          <div class=\"u-container-style u-layout-cell u-size-30 u-layout-cell-2\">\n                            <div class=\"u-container-layout u-container-layout-3\"><\/div>\n                          <\/div>\n                        <\/div>\n                      <\/div>\n                      <div class=\"u-size-30\">\n                        <div class=\"u-layout-row\">\n                          <div class=\"u-container-style u-layout-cell u-size-30 u-layout-cell-3\">\n                            <div class=\"u-container-layout u-container-layout-4\"><\/div>\n                          <\/div>\n                          <div class=\"u-container-style u-layout-cell u-size-30 u-layout-cell-4\">\n                            <div class=\"u-container-layout u-container-layout-5\"><\/div>\n                          <\/div>\n                        <\/div>\n                      <\/div>\n                    <\/div>\n                  <\/div>\n                <\/div>\n              <\/div>\n            <\/div>\n          <\/div>\n        <\/div>\n      <\/div>\n    <\/section>\n    \n    \n  \n<\/div>","protected":false},"excerpt":{"rendered":"<p>BOLETIm informativo Boletim Informativo Trimestral. Consulte todas as edi\u00e7\u00f5es publicadas abaixo. roteiro de luz t\u00edtulo data de publica\u00e7\u00e3o t\u00edtulo data de publica\u00e7\u00e3o t\u00edtulo data de publica\u00e7\u00e3o Ano XXVI N\u00ba 193 22\/01\/2022 Ano XXVI N\u00ba 192 22\/11\/2021 Ano XXVI N\u00ba 191 11\/08\/2021 Ano XXVI N\u00ba 190 02\/06\/2021 &nbsp;Ano XXVI N\u00ba 189 02\/03\/2021 &nbsp;Ano XXV N\u00ba 188&hellip; <a class=\"more-link\" href=\"https:\/\/novositecentro.ceperdaoecaridade.pt\/inicio\/roteiro-de-luz\/\">Continue a ler <span class=\"screen-reader-text\">Boletim<\/span><\/a><\/p>\n","protected":false},"author":2,"featured_media":0,"parent":0,"menu_order":8,"comment_status":"closed","ping_status":"closed","template":"","meta":{"footnotes":""},"class_list":["post-670","page","type-page","status-publish","hentry","entry"],"_links":{"self":[{"href":"https:\/\/novositecentro.ceperdaoecaridade.pt\/inicio\/wp-json\/wp\/v2\/pages\/670","targetHints":{"allow":["GET"]}}],"collection":[{"href":"https:\/\/novositecentro.ceperdaoecaridade.pt\/inicio\/wp-json\/wp\/v2\/pages"}],"about":[{"href":"https:\/\/novositecentro.ceperdaoecaridade.pt\/inicio\/wp-json\/wp\/v2\/types\/page"}],"author":[{"embeddable":true,"href":"https:\/\/novositecentro.ceperdaoecaridade.pt\/inicio\/wp-json\/wp\/v2\/users\/2"}],"replies":[{"embeddable":true,"href":"https:\/\/novositecentro.ceperdaoecaridade.pt\/inicio\/wp-json\/wp\/v2\/comments?post=670"}],"version-history":[{"count":11,"href":"https:\/\/novositecentro.ceperdaoecaridade.pt\/inicio\/wp-json\/wp\/v2\/pages\/670\/revisions"}],"predecessor-version":[{"id":1068,"href":"https:\/\/novositecentro.ceperdaoecaridade.pt\/inicio\/wp-json\/wp\/v2\/pages\/670\/revisions\/1068"}],"wp:attachment":[{"href":"https:\/\/novositecentro.ceperdaoecaridade.pt\/inicio\/wp-json\/wp\/v2\/media?parent=670"}],"curies":[{"name":"wp","href":"https:\/\/api.w.org\/{rel}","templated":true}]}}