{"id":668,"date":"2022-01-31T00:23:41","date_gmt":"2022-01-31T00:23:41","guid":{"rendered":"https:\/\/novositecentro.ceperdaoecaridade.pt\/estudos-doutrinarios\/"},"modified":"2022-04-06T10:04:37","modified_gmt":"2022-04-06T10:04:37","slug":"estudos-doutrinarios","status":"publish","type":"page","link":"https:\/\/novositecentro.ceperdaoecaridade.pt\/inicio\/estudos-doutrinarios\/","title":{"rendered":"Cursos Doutrin\u00e1rios"},"content":{"rendered":"<div class=\"\" style=\"\" >\n    \n    <section class=\"u-align-left u-clearfix u-image u-shading u-section-2\" src=\"\" data-image-width=\"1280\" data-image-height=\"961\" id=\"sec-6875\" style=\"background-image: linear-gradient(0deg, rgba(51, 47, 41, 0.6), rgba(51, 47, 41, 0.6)), url(&quot;https:\/\/novositecentro.ceperdaoecaridade.pt\/wp-content\/uploads\/2022\/01\/gd2b8a61865d7c96118db317120cc369c18cda3ca844db7ae57475b123e38fd7e3ba34e8ecd775ba8f19cebde40271fe6bd176eede6a2cb479d89c2840bc3bef6_1280-1.jpg&quot;);\">\n      <div class=\"u-clearfix u-sheet u-sheet-1\">\n        <h1 class=\"u-text u-title u-text-1\">cursos e estudos<\/h1>\n        <p class=\"u-large-text u-text u-text-variant u-text-2\">\n          <a href=\"https:\/\/forms.gle\/E3zsYqnXzJvymRN49\" class=\"u-border-none u-btn u-button-link u-button-style u-none u-text-hover-palette-2-base u-text-palette-1-base u-btn-1\" target=\"_blank\">INSCREVA-SE ONLINE AQUI<\/a> (requer login pr\u00e9vio a uma conta Google).<br>\n          <span style=\"font-size: 0.75rem;\">Apenas no caso de dificuldade (sem email etc.) deve de utilizar a alternativa em suporte papel. Para tal,&nbsp;<a href=\"https:\/\/novositecentro.ceperdaoecaridade.pt\/wp-content\/uploads\/2022\/02\/Fichadeinscricoes.pdf\" class=\"u-border-none u-btn u-button-link u-button-style u-file-link u-none u-text-active-palette-2-dark-1 u-text-hover-palette-2-base u-text-palette-1-base u-btn-2\">DESCARREGUE AQUI<\/a> o formul\u00e1rio de inscri\u00e7\u00e3o.&nbsp;\n          <\/span>\n          <br>\n          <span style=\"font-size: 0.75rem;\">Este deve de ser entregue no Centro Esp\u00edrita depois de preenchido.<\/span>\n          <br>\n        <\/p>\n        <div class=\"u-accordion u-collapsed-by-default u-expanded-width u-spacing-2 u-accordion-1\">\n          <div class=\"u-accordion-item\">\n            <a class=\"u-accordion-link u-border-1 u-border-active-grey-25 u-border-grey-30 u-border-hover-grey-30 u-border-no-left u-border-no-right u-border-no-top u-button-style u-text-active-white u-text-body-alt-color u-text-hover-palette-1-base u-accordion-link-1\" id=\"link-accordion-7c0e\" aria-controls=\"accordion-7c0e\" aria-selected=\"false\">\n              <span class=\"u-accordion-link-text\">CURSOS DE FORMA\u00c7\u00c3O DOUTRIN\u00c1RIA<\/span><span class=\"u-accordion-link-icon u-icon u-text-hover-palette-1-base u-text-white u-icon-1\"><svg class=\"u-svg-link\" preserveAspectRatio=\"xMidYMin slice\" viewBox=\"0 0 512 512\" style=\"\"><use xlink:href=\"#svg-efea\"><\/use><\/svg><svg xmlns=\"http:\/\/www.w3.org\/2000\/svg\" xmlns:xlink=\"http:\/\/www.w3.org\/1999\/xlink\" version=\"1.1\" xml:space=\"preserve\" class=\"u-svg-content\" viewBox=\"0 0 512 512\" x=\"0px\" y=\"0px\" id=\"svg-efea\" style=\"enable-background:new 0 0 512 512;\"><g><g><path d=\"M509.121,125.966c-3.838-3.838-10.055-3.838-13.893,0L256.005,365.194L16.771,125.966c-3.838-3.838-10.055-3.838-13.893,0    c-3.838,3.838-3.838,10.055,0,13.893l246.18,246.175c1.842,1.842,4.337,2.878,6.947,2.878c2.61,0,5.104-1.036,6.946-2.878    l246.17-246.175C512.959,136.021,512.959,129.804,509.121,125.966z\"><\/path>\n<\/g>\n<\/g><\/svg><\/span>\n            <\/a>\n            <div class=\"u-accordion-pane u-align-left u-container-style u-accordion-pane-1\" id=\"accordion-7c0e\" aria-labelledby=\"link-accordion-7c0e\">\n              <div class=\"u-container-layout u-container-layout-1\">\n                <div class=\"u-expanded-width u-table u-table-responsive u-table-1\">\n                  <table class=\"u-table-entity\">\n                    <colgroup>\n                      <col width=\"23.3%\">\n                      <col width=\"26%\">\n                      <col width=\"24.5%\">\n                      <col width=\"26.2%\">\n                    <\/colgroup>\n                    <thead class=\"u-align-center u-palette-4-base u-table-header u-table-header-1\">\n                      <tr style=\"height: 66px;\">\n                        <th class=\"u-table-cell\">Curso B\u00e1sico de Espiritismo<\/th>\n                        <th class=\"u-table-cell\">Curso Evangelho Segundo o Espiritismo<\/th>\n                        <th class=\"u-table-cell\">Curso educa\u00e7\u00e3o da Mediunidade I<\/th>\n                        <th class=\"u-table-cell\"> Curso educa\u00e7\u00e3o da Mediunidade II<\/th>\n                      <\/tr>\n                    <\/thead>\n                    <tbody class=\"u-align-left u-table-body u-table-valign-top u-table-body-1\">\n                      <tr style=\"height: 140px;\">\n                        <td class=\"u-first-column u-table-cell\">Para os interessados ou iniciados que pretendam conhecer o Espiritismo nos seus aspetos fundamentais.<\/td>\n                        <td class=\"u-table-cell\">As explica\u00e7\u00f5es dos Esp\u00edritos Superiores sobre as li\u00e7\u00f5es que Jesus, modelo e guia da humanidade, deixou h\u00e1 2000 anos e que o Espiritismo consigna nas suas bases.<br>\n                        <\/td>\n                        <td class=\"u-table-cell\">Conforme curso FEB, apoiado nas obras codificadas por Allan Kardec e complementares.<br>\n                          <br>\n                        <\/td>\n                        <td class=\"u-table-cell\"> Conforme curso FEB, apoiado nas obras codificadas por Allan Kardec e complementares.<br>\n                          <br>\n                        <\/td>\n                      <\/tr>\n                      <tr style=\"height: 91px;\">\n                        <td class=\"u-table-cell\">40 aulas fundamentadas nas obras da Codifica\u00e7\u00e3o.<\/td>\n                        <td class=\"u-table-cell\">40 aulas fundamentadas na obra \"O Evangelho Segundo o Esp\u00edritismo\".<\/td>\n                        <td class=\"u-table-cell\">35 aulas fundamentadas no estudo da pr\u00e1tica medi\u00fanica esp\u00edrita<\/td>\n                        <td class=\"u-table-cell\">35 aulas fundamentadas no estudo da pr\u00e1tica medi\u00fanica esp\u00edrita<\/td>\n                      <\/tr>\n                      <tr style=\"height: 91px;\">\n                        <td class=\"u-first-column u-table-cell\">Destinado aos interessados em conhecer os fundamentos do Espiritismo.&nbsp;<\/td>\n                        <td class=\"u-table-cell\">Destinado aos trabalhadores e participantes do Centro Esp\u00edrita.<br>\n                          <span style=\"font-weight: 700;\"><\/span>\n                        <\/td>\n                        <td class=\"u-table-cell\">Destinado aos trabalhadores e participantes do Centro Esp\u00edrita.<br>\n                        <\/td>\n                        <td class=\"u-table-cell\"> Destinado aos trabalhadores e participantes do Centro Esp\u00edrita.<br>\n                          <span style=\"font-weight: 700;\"><\/span>\n                        <\/td>\n                      <\/tr>\n                      <tr style=\"height: 162px;\">\n                        <td class=\"u-table-cell\"><\/td>\n                        <td class=\"u-table-cell\">\n                          <span style=\"font-weight: 700;\">Pr\u00e9-requisitos: <\/span>\n                          <br>- Curso B\u00e1sico de Espiritismo\n                        <\/td>\n                        <td class=\"u-table-cell\">\n                          <span style=\"font-weight: 700;\">Pr\u00e9-requisitos: <\/span>\n                          <br>- Curso B\u00e1sico de \u200bEspiritismo<br>- Curso Evangelho Segundo o \u200bEspiritismo\n                        <\/td>\n                        <td class=\"u-table-cell\">\n                          <span style=\"font-weight: 700;\">Pr\u00e9-requisitos: <\/span>\n                          <br>- Curso B\u00e1sico de \u200bEspiritismo<br>- Curso Evangelho Segundo o \u200bEspiritismo<br>- Curso Educa\u00e7\u00e3o da Mediunidade I\n                        <\/td>\n                      <\/tr>\n                      <tr style=\"height: 43px;\">\n                        <td class=\"u-first-column u-table-cell\">4\u00aas feiras&nbsp;<br>19h30 - 21h00\n                        <\/td>\n                        <td class=\"u-table-cell\"> 4\u00aas feiras&nbsp;<br>19h30 - 20h45\n                        <\/td>\n                        <td class=\"u-table-cell\"> 5\u00aas feiras&nbsp;<br>19h00 - 20h00\n                        <\/td>\n                        <td class=\"u-table-cell\"> 5\u00aas feiras&nbsp;<br>20h30 - 21h30\n                        <\/td>\n                      <\/tr>\n                      <tr style=\"height: 42px;\">\n                        <td class=\"u-first-column u-table-cell\">In\u00edcio&nbsp;<br>6 de Outubro de 2021\n                        <\/td>\n                        <td class=\"u-table-cell\"> In\u00edcio&nbsp;<br>6 de Outubro de 2021\n                        <\/td>\n                        <td class=\"u-table-cell\"> In\u00edcio&nbsp;<br>7 de Outubro de 2021\n                        <\/td>\n                        <td class=\"u-table-cell\"> In\u00edcio&nbsp;<br>7 de Outubro de 2021\n                        <\/td>\n                      <\/tr>\n                    <\/tbody>\n                  <\/table>\n                <\/div>\n              <\/div>\n            <\/div>\n          <\/div>\n          <div class=\"u-accordion-item\">\n            <a class=\"u-accordion-link u-border-1 u-border-active-grey-25 u-border-grey-30 u-border-hover-grey-30 u-border-no-left u-border-no-right u-border-no-top u-button-style u-text-active-white u-text-body-alt-color u-text-hover-palette-1-base u-accordion-link-2\" id=\"link-accordion-05cb\" aria-controls=\"accordion-05cb\" aria-selected=\"false\">\n              <span class=\"u-accordion-link-text\">GRUPOS DE ESTUDO&nbsp;<br>\n              <\/span><span class=\"u-accordion-link-icon u-icon u-text-hover-palette-1-base u-text-white u-icon-2\"><svg class=\"u-svg-link\" preserveAspectRatio=\"xMidYMin slice\" viewBox=\"0 0 512 512\" style=\"\"><use xlink:href=\"#svg-6ce4\"><\/use><\/svg><svg xmlns=\"http:\/\/www.w3.org\/2000\/svg\" xmlns:xlink=\"http:\/\/www.w3.org\/1999\/xlink\" version=\"1.1\" xml:space=\"preserve\" class=\"u-svg-content\" viewBox=\"0 0 512 512\" x=\"0px\" y=\"0px\" id=\"svg-6ce4\" style=\"enable-background:new 0 0 512 512;\"><g><g><path d=\"M509.121,125.966c-3.838-3.838-10.055-3.838-13.893,0L256.005,365.194L16.771,125.966c-3.838-3.838-10.055-3.838-13.893,0    c-3.838,3.838-3.838,10.055,0,13.893l246.18,246.175c1.842,1.842,4.337,2.878,6.947,2.878c2.61,0,5.104-1.036,6.946-2.878    l246.17-246.175C512.959,136.021,512.959,129.804,509.121,125.966z\"><\/path>\n<\/g>\n<\/g><\/svg><\/span>\n            <\/a>\n            <div class=\"u-accordion-pane u-align-left u-container-style u-accordion-pane-2\" id=\"accordion-05cb\" aria-labelledby=\"link-accordion-05cb\">\n              <div class=\"u-container-layout u-container-layout-2\">\n                <div class=\"u-expanded-width u-table u-table-responsive u-table-2\">\n                  <table class=\"u-table-entity\">\n                    <colgroup>\n                      <col width=\"20%\">\n                      <col width=\"20%\">\n                      <col width=\"20%\">\n                      <col width=\"20%\">\n                      <col width=\"20%\">\n                    <\/colgroup>\n                    <thead class=\"u-align-center u-palette-4-base u-table-header u-table-header-2\">\n                      <tr style=\"height: 144px;\">\n                        <th class=\"u-border-1 u-border-palette-4-base u-table-cell\">Grupo de Estudos ESP\u00cdRITAS Camilo<\/th>\n                        <th class=\"u-border-1 u-border-palette-4-base u-table-cell\">Grupo de Estudos<br>&nbsp;Andr\u00e9 Luiz\n                        <\/th>\n                        <th class=\"u-border-1 u-border-palette-4-base u-table-cell\">Grupo de estudos herculano pires<\/th>\n                        <th class=\"u-border-1 u-border-palette-4-base u-table-cell\">grupo de estudos francisco de assis<\/th>\n                        <th class=\"u-border-1 u-border-palette-4-base u-table-cell\">Projeto&nbsp;<br>medicina e espiritismo\n                        <\/th>\n                      <\/tr>\n                    <\/thead>\n                    <tbody class=\"u-align-left u-table-body u-table-valign-top\">\n                      <tr style=\"height: 320px;\">\n                        <td class=\"u-border-1 u-border-grey-30 u-first-column u-table-cell\"> Estudo do Espiritismo nas vertentes cient\u00edfica, religiosa e filos\u00f3fica, atrav\u00e9s das obras Kardecistas. Debate de temas doutrin\u00e1rios e actuais na perspectiva esp\u00edrita, com apresenta\u00e7\u00f5es feitas pelos frequentadores e com posterior discuss\u00e3o em grupo.<\/td>\n                        <td class=\"u-border-1 u-border-grey-30 u-table-cell\"> Estudo do Espiritismo nas vertentes cient\u00edfica, religiosa e filos\u00f3fica, atrav\u00e9s das obras Kardecistas. Debate de temas doutrin\u00e1rios e actuais na perspectiva esp\u00edrita, com apresenta\u00e7\u00f5es feitas pelos frequentadores e com posterior discuss\u00e3o em grupo.<br>\n                        <\/td>\n                        <td class=\"u-border-1 u-border-grey-30 u-table-cell\"> Estudo das obras esp\u00edritas complementares como as psicografadas por Chico Xavier, Divaldo Franco, Yvonne Pereira e outras como&nbsp; L\u00e9on Denis, Gabriel Delanne, Deolindo Amorim, Raul Teixeira e o eminente Herculano Pires.<\/td>\n                        <td class=\"u-border-1 u-border-grey-30 u-table-cell\"> Estudo do Espiritismo nas vertentes cient\u00edfica, religiosa e filos\u00f3fica, atrav\u00e9s das obras Kardecistas. Debate de temas doutrin\u00e1rios e actuais na perspectiva esp\u00edrita, com apresenta\u00e7\u00f5es feitas pelos frequentadores e com posterior discuss\u00e3o em grupo.<\/td>\n                        <td class=\"u-border-1 u-border-grey-30 u-table-cell\">Tem como objetivo essencial, o\nestudo das obras de Andr\u00e9 Luiz e de outras obras esp\u00edritas consideradas de real\nvalor, que permitam abordagem aos conhecimentos da ci\u00eancia m\u00e9dica e\npsicol\u00f3gica, entre outras \u00e1reas, e o &nbsp;estabelecimento de pontes entre a\nci\u00eancia e a espiritualidade como forma de fundamenta\u00e7\u00e3o das premissas\nesp\u00edritas.<br> Objetiva&nbsp;igualmente o estudo\ncont\u00ednuo das obras Kardecistas como forma de fundamenta\u00e7\u00e3o dos estudos\nporvindouros que vierem a ser realizados.<br>\n                        <\/td>\n                      <\/tr>\n                      <tr style=\"height: 355px;\">\n                        <td class=\"u-border-1 u-border-grey-30 u-first-column u-table-cell\"> Podem integrar este grupo aqueles que conhe\u00e7am a Doutrina nos seus aspectos fundamentais, atrav\u00e9s do estudo das obras de Allan Kardec. Interactividade, participa\u00e7\u00e3o, aprendizagem cont\u00ednua e amizade t\u00eam sido os objectivos alcan\u00e7ados.<\/td>\n                        <td class=\"u-border-1 u-border-grey-30 u-table-cell\"> Podem integrar este grupo aqueles que conhe\u00e7am a Doutrina nos seus aspectos fundamentais, atrav\u00e9s do estudo das obras de Allan Kardec. Interactividade, participa\u00e7\u00e3o, aprendizagem cont\u00ednua e amizade t\u00eam sido os objectivos alcan\u00e7ados.<\/td>\n                        <td class=\"u-border-1 u-border-grey-30 u-table-cell\"> Destina-se, primordialmente, a quem demonstre possuir os conhecimentos b\u00e1sicos da codifica\u00e7\u00e3o esp\u00edrita, pelo que os estudantes dos grupo de inicia\u00e7\u00e3o ao Espiritismo, Evangelho e&nbsp; Estudo e Educa\u00e7\u00e3o da Mediunidade, poder\u00e3o, se assim o desejarem, participar neste grupo de trabalho.<br>\n                        <\/td>\n                        <td class=\"u-border-1 u-border-grey-30 u-table-cell\"> Podem integrar este grupo aqueles que conhe\u00e7am a Doutrina nos seus aspectos fundamentais, atrav\u00e9s do estudo das obras de Allan Kardec. Interactividade, participa\u00e7\u00e3o, aprendizagem cont\u00ednua e amizade t\u00eam sido os objectivos alcan\u00e7ados.<br>\n                          <br>Destinado a Jovens Adultos dos 22 aos 30 anos.<br>\n                        <\/td>\n                        <td class=\"u-border-1 u-border-grey-30 u-table-cell\">Trabalho aberto a todos os\ninteressados dentro das \u00e1reas m\u00e9dicas, terap\u00eauticas e da sa\u00fade em geral.<\/td>\n                      <\/tr>\n                      <tr style=\"height: 106px;\">\n                        <td class=\"u-border-1 u-border-grey-30 u-first-column u-table-cell\"> S\u00e1bados das 18h00 - 19h30<\/td>\n                        <td class=\"u-border-1 u-border-grey-30 u-table-cell\"> S\u00e1bados das 18h00 - 19h30<\/td>\n                        <td class=\"u-border-1 u-border-grey-30 u-table-cell\"> 2\u00aas feiras das 18h15 - 19h30<\/td>\n                        <td class=\"u-border-1 u-border-grey-30 u-table-cell\"> S\u00e1bados das 14h30 - 15h45<\/td>\n                        <td class=\"u-border-1 u-border-grey-30 u-table-cell\">Todos os 1\u00ba Domingos do M\u00eas, entre as 15h e\n16h30<\/td>\n                      <\/tr>\n                    <\/tbody>\n                  <\/table>\n                <\/div>\n              <\/div>\n            <\/div>\n          <\/div>\n        <\/div>\n        <div class=\"u-expanded-width u-table u-table-responsive u-table-3\">\n          <table class=\"u-table-entity\">\n            <colgroup>\n              <col width=\"100%\">\n            <\/colgroup>\n            <thead class=\"u-align-center u-palette-4-base u-table-header u-table-header-3\">\n              <tr style=\"height: 48px;\">\n                <th class=\"u-border-1 u-border-palette-4-base u-table-cell\">ESTUDO ABERTO DA CODIFICA\u00c7\u00c3O ESP\u00cdRITA<\/th>\n              <\/tr>\n            <\/thead>\n            <tbody class=\"u-align-left u-table-body u-table-valign-top\">\n              <tr style=\"height: 148px;\">\n                <td class=\"u-border-1 u-border-grey-30 u-first-column u-table-cell\"> Estudo exclusivamente Online e ininterrupto da Codifica\u00e7\u00e3o Esp\u00edrita.<br>\n                  <br>Zoom:&nbsp;&nbsp;<a href=\"https:\/\/us02web.zoom.us\/j\/83620317803?pwd=bzdmeVZqYmZ3REhoOGFhZHRSUVFTUT09\" target=\"_blank\" rel=\"noopener noreferrer\" class=\"u-active-none u-border-none u-btn u-button-style u-hover-none u-none u-text-palette-1-base u-btn-3\">clique para entrar<\/a>\n                  <br><b>Zoom ID<\/b>: 83620317803&nbsp; &nbsp;<br><b>Senha<\/b>: 000744&nbsp;&nbsp;<br>\n                <\/td>\n              <\/tr>\n              <tr style=\"height: 46px;\">\n                <td class=\"u-border-1 u-border-grey-30 u-first-column u-table-cell\"> Aberto a todos os interessados. Sem restri\u00e7\u00f5es ou pr\u00e9-requesitos.<\/td>\n              <\/tr>\n              <tr style=\"height: 46px;\">\n                <td class=\"u-border-1 u-border-grey-30 u-first-column u-table-cell\"> S\u00e1bados das 18h00 - 19h30<\/td>\n              <\/tr>\n            <\/tbody>\n          <\/table>\n        <\/div>\n        <p class=\"u-align-justify u-large-text u-text u-text-variant u-text-3\"> \"Lamentavelmente, n\u00e3o s\u00e3o poucas as pessoas que se acercam do\nMovimento Esp\u00edrita, desinformadas, e pretendem submeter\na Doutrina ao talante das suas opini\u00f5es, teimando por faz\u00ea-la parecer\nequacionador m\u00e1gico de problemas secund\u00e1rios, que a cada um cumpre solucionar,\nou \u00e0 cata de prod\u00edgios, ou sustentado por supersti\u00e7\u00f5es e quejandos... Negam-se\nao estudo sistem\u00e1tico do Espiritismo, preferindo leituras r\u00e1pidas, nas quais\nn\u00e3o se aprofundam, mesmo quando l\u00eaem, dizendo-se dececionadas com facilidade\nleviana, apressadas apenas pelas cogita\u00e7\u00f5es socioecon\u00f3micas e materiais de\noutros g\u00e9neros.&nbsp; &nbsp; &nbsp;<br>&nbsp;&nbsp;<br> O Espiritismo, gra\u00e7as ao seu tr\u00edplice aspeto, atende a todos os tipos de\nnecessidade do homem terreno, oferecendo campo de reflex\u00f5es e respostas em\ntodas as \u00e1reas do conhecimento. Numa s\u00edntese perfeita, as facetas, sob as quais\nse revela, abrangem o campo da investiga\u00e7\u00e3o cient\u00edfica, projetando luz nas\ncausas das problem\u00e1ticas e dirimindo suposi\u00e7\u00f5es e sofismas em torno do milagre,\ndo desconhecido, do sobrenatural, que passam a ocupar os lugares\npr\u00f3prios.&nbsp; &nbsp; &nbsp;&nbsp;&nbsp;<br>&nbsp;<br>Sua sonda vem sendo aprofundada, desde Allan Kardec, na g\u00e9nese das realidades\nhumanas e nas causas espirituais da vida, contribuindo eficazmente para a\nelimina\u00e7\u00e3o dos mitos e tabus contra os quais luta a ci\u00eancia, verdadeiro\ncoadjutor desta, que nele encontra a raz\u00e3o fundamental de que necessita. Ao\nmesmo tempo, o seu conte\u00fado filos\u00f3fico sustenta o edif\u00edcio de uma l\u00f3gica\nirretorqu\u00edvel, decorr\u00eancia natural dos factos examinados, em proposi\u00e7\u00f5es\nvigorosas, possuindo conte\u00fado idealista insuper\u00e1vel. Como efeito imediato, a\nsua \u00e9tica se estrutura na moral do Cristo e dos Seus ap\u00f3stolos, sendo religi\u00e3o\nde amor e caridade, que a f\u00e9 racional sustenta e conduz.&nbsp; &nbsp; &nbsp;&nbsp;<br>&nbsp;&nbsp;<br> Separ\u00e1-lo de qualquer uma das suas faces \u00e9 o mesmo que o desfigurar, n\u00e3o\nobstante possa ser vivenciado conforme a capacidade e evolu\u00e7\u00e3o de cada um, que\nafina com este ou aquele \u00e2ngulo, sem preju\u00edzo das demais partes, que lhe formam\no corpo doutrinal, harm\u00f3nico e completo.\"&nbsp;&nbsp;<br>\n          <br><i>- Bezerra de Menezes, da obra \"Nas fronteiras\nda loucura\" de Manoel P. de Miranda e Divaldo P. Franco<\/i>\n        <\/p>\n      <\/div>\n    <\/section>\n    \n    \n  \n<\/div>","protected":false},"excerpt":{"rendered":"<p>cursos e estudos INSCREVA-SE ONLINE AQUI (requer login pr\u00e9vio a uma conta Google). Apenas no caso de dificuldade (sem email etc.) deve de utilizar a alternativa em suporte papel. Para tal,&nbsp;DESCARREGUE AQUI o formul\u00e1rio de inscri\u00e7\u00e3o.&nbsp; Este deve de ser entregue no Centro Esp\u00edrita depois de preenchido. CURSOS DE FORMA\u00c7\u00c3O DOUTRIN\u00c1RIA Curso B\u00e1sico de Espiritismo&hellip; <a class=\"more-link\" href=\"https:\/\/novositecentro.ceperdaoecaridade.pt\/inicio\/estudos-doutrinarios\/\">Continue a ler <span class=\"screen-reader-text\">Cursos Doutrin\u00e1rios<\/span><\/a><\/p>\n","protected":false},"author":2,"featured_media":0,"parent":0,"menu_order":6,"comment_status":"closed","ping_status":"closed","template":"","meta":{"footnotes":""},"class_list":["post-668","page","type-page","status-publish","hentry","entry"],"_links":{"self":[{"href":"https:\/\/novositecentro.ceperdaoecaridade.pt\/inicio\/wp-json\/wp\/v2\/pages\/668","targetHints":{"allow":["GET"]}}],"collection":[{"href":"https:\/\/novositecentro.ceperdaoecaridade.pt\/inicio\/wp-json\/wp\/v2\/pages"}],"about":[{"href":"https:\/\/novositecentro.ceperdaoecaridade.pt\/inicio\/wp-json\/wp\/v2\/types\/page"}],"author":[{"embeddable":true,"href":"https:\/\/novositecentro.ceperdaoecaridade.pt\/inicio\/wp-json\/wp\/v2\/users\/2"}],"replies":[{"embeddable":true,"href":"https:\/\/novositecentro.ceperdaoecaridade.pt\/inicio\/wp-json\/wp\/v2\/comments?post=668"}],"version-history":[{"count":16,"href":"https:\/\/novositecentro.ceperdaoecaridade.pt\/inicio\/wp-json\/wp\/v2\/pages\/668\/revisions"}],"predecessor-version":[{"id":1346,"href":"https:\/\/novositecentro.ceperdaoecaridade.pt\/inicio\/wp-json\/wp\/v2\/pages\/668\/revisions\/1346"}],"wp:attachment":[{"href":"https:\/\/novositecentro.ceperdaoecaridade.pt\/inicio\/wp-json\/wp\/v2\/media?parent=668"}],"curies":[{"name":"wp","href":"https:\/\/api.w.org\/{rel}","templated":true}]}}