{"id":666,"date":"2022-01-31T00:23:39","date_gmt":"2022-01-31T00:23:39","guid":{"rendered":"https:\/\/novositecentro.ceperdaoecaridade.pt\/horarios\/"},"modified":"2022-04-04T13:51:24","modified_gmt":"2022-04-04T13:51:24","slug":"horarios","status":"publish","type":"page","link":"https:\/\/novositecentro.ceperdaoecaridade.pt\/inicio\/horarios\/","title":{"rendered":"Hor\u00e1rios"},"content":{"rendered":"<div class=\"\" style=\"\" >\n    \n    <section class=\"u-align-center u-clearfix u-hidden u-image u-shading u-section-2\" src=\"\" data-image-width=\"1280\" data-image-height=\"853\" id=\"sec-c314\" style=\"background-image: linear-gradient(0deg, rgba(51, 47, 41, 0.6), rgba(51, 47, 41, 0.6)), url(&quot;https:\/\/novositecentro.ceperdaoecaridade.pt\/wp-content\/uploads\/2022\/01\/ge80dcbd2b4ae405a4623a1033a039e79533323e5d5c5113fbdd10ae6ba62c2dc8485e7d210e470ef09064c758e61fb13fdd09e48d8658c1b156bf2b5eba10717_1280-1.jpg&quot;);\">\n      <div class=\"u-clearfix u-sheet u-sheet-1\">\n        <h1 class=\"u-align-left u-text u-title u-text-1\">HOR\u00c1RIO DE ATIVIDADES\u200b&nbsp;<br>\n        <\/h1>\n        <p class=\"u-align-justify u-text u-text-2\"> Veja na nossa p\u00e1gina a m\u200belhor forma de chegar ao Centro Esp\u00edrita Perd\u00e3o e Caridade por meio de <a href=\"https:\/\/novositecentro.ceperdaoecaridade.pt\/inicio\/transportes\/\" class=\"u-active-none u-border-none u-btn u-button-link u-button-style u-hover-none u-none u-text-palette-1-base u-btn-1\">transportes p\u00fablicos<\/a> ou por <a href=\"https:\/\/novositecentro.ceperdaoecaridade.pt\/inicio\/contactos\/\" class=\"u-active-none u-border-none u-btn u-button-link u-button-style u-hover-none u-none u-text-palette-1-base u-btn-2\">viatura pr\u00f3pria<\/a>.\u200b&nbsp;<br>\n          <br>Chamamos ainda a aten\u00e7\u00e3o para o facto do Atendimento Pessoal requer marca\u00e7\u00e3o pr\u00e9via. Marca\u00e7\u00f5es: +351 911 085 036. Os cursos de forma\u00e7\u00e3o doutrin\u00e1ria est\u00e3o sujeitos a pr\u00e9-inscri\u00e7\u00e3o, que poder\u00e1 efectuar <a href=\"https:\/\/novositecentro.ceperdaoecaridade.pt\/inicio\/estudos-doutrinarios\/\" class=\"u-active-none u-border-none u-btn u-button-link u-button-style u-hover-none u-none u-text-palette-1-base u-btn-3\">aqui<\/a>.<br>\n          <br>\n          <span style=\"font-weight: 700;\">Zoom<span style=\"font-weight: 400;\">:<\/span>\n          <\/span>&nbsp;<a href=\"https:\/\/us02web.zoom.us\/j\/83620317803?pwd=bzdmeVZqYmZ3REhoOGFhZHRSUVFTUT09\" target=\"_blank\" rel=\"noopener noreferrer\" class=\"u-active-none u-border-none u-btn u-button-link u-button-style u-hover-none u-none u-text-palette-1-base u-btn-4\">clique para entrar<\/a>\n          <br><b>Zoom ID<\/b>: 83620317803&nbsp; &nbsp;<br><b>Senha<\/b>: 000744&nbsp;&nbsp;<br>\n        <\/p>\n        <h1 class=\"u-align-left u-text u-text-palette-2-light-2 u-text-3\">ATIVIDADES EXCLUSIVAMENTE ONLINE<\/h1>\n        <div class=\"u-expanded-width-md u-expanded-width-sm u-expanded-width-xs u-table u-table-responsive u-table-1\">\n          <table class=\"u-table-entity\">\n            <colgroup>\n              <col width=\"28.47%\">\n              <col width=\"71.53%\">\n            <\/colgroup>\n            <thead class=\"u-align-left u-table-header u-table-valign-middle u-text-black u-white u-table-header-1\">\n              <tr style=\"height: 64px;\">\n                <th class=\"u-palette-4-base u-table-cell u-table-cell-1\">\n                  <span style=\"font-weight: 400;\"><\/span>\n                <\/th>\n                <th class=\"u-palette-4-base u-table-cell u-table-cell-2\">2\u00aa Feira<\/th>\n              <\/tr>\n            <\/thead>\n            <tbody class=\"u-table-body u-table-valign-middle u-table-body-1\">\n              <tr style=\"height: 95px;\">\n                <td class=\"u-table-cell\">19h00 - 19h45<\/td>\n                <td class=\"u-table-cell\">Palestra P\u00fablica -&nbsp;Evangelho e Passe \u00e0 Dist\u00e2ncia<\/td>\n              <\/tr>\n              <tr style=\"height: 95px;\">\n                <td class=\"u-table-cell\">20h00 - 21h00<\/td>\n                <td class=\"u-table-cell\">Atividade Privada<\/td>\n              <\/tr>\n              <tr style=\"height: 25px;\">\n                <td class=\"u-palette-4-base u-table-cell u-text-body-color u-table-cell-7\"><\/td>\n                <td class=\"u-palette-4-base u-table-cell u-table-cell-8\">3\u00aa Feira<\/td>\n              <\/tr>\n              <tr style=\"height: 95px;\">\n                <td class=\"u-table-cell\">19h30 - 20h45<\/td>\n                <td class=\"u-table-cell\">Curso - Evangelho Segundo o Espiritismo<\/td>\n              <\/tr>\n              <tr style=\"height: 95px;\">\n                <td class=\"u-table-cell\">21h00 - 22h30<\/td>\n                <td class=\"u-table-cell\">Atividade Privada<\/td>\n              <\/tr>\n              <tr style=\"height: 28px;\">\n                <td class=\"u-palette-4-base u-table-cell u-text-black u-table-cell-13\"><\/td>\n                <td class=\"u-palette-4-base u-table-cell u-table-cell-14\">4\u00aa Feira<\/td>\n              <\/tr>\n              <tr style=\"height: 95px;\">\n                <td class=\"u-table-cell\">17h00 - 19h00<\/td>\n                <td class=\"u-table-cell u-table-cell-16\">\n                  <span style=\"font-size: 1.25rem;\">Atendimento Pessoal<\/span>\n                  <span style=\"font-size: 0.875rem;\">(requer marca\u00e7\u00e3o pr\u00e9via)<\/span>\n                <\/td>\n              <\/tr>\n              <tr style=\"height: 95px;\">\n                <td class=\"u-table-cell\">19h30 - 21h00<\/td>\n                <td class=\"u-table-cell\">Curso - B\u00e1sico Espiritismo<\/td>\n              <\/tr>\n              <tr style=\"height: 26px;\">\n                <td class=\"u-palette-4-base u-table-cell u-text-body-color u-table-cell-19\"><\/td>\n                <td class=\"u-palette-4-base u-table-cell u-table-cell-20\">5\u00aa Feira<\/td>\n              <\/tr>\n              <tr style=\"height: 95px;\">\n                <td class=\"u-table-cell\">18h30 - 20h00<\/td>\n                <td class=\"u-table-cell\">Atividade Privada<\/td>\n              <\/tr>\n              <tr style=\"height: 95px;\">\n                <td class=\"u-table-cell\">19h00 - 20h00<\/td>\n                <td class=\"u-table-cell\">Curso - Educa\u00e7\u00e3o Mediunidade I<\/td>\n              <\/tr>\n              <tr style=\"height: 95px;\">\n                <td class=\"u-table-cell\">20h30 - 21h30<\/td>\n                <td class=\"u-table-cell\">Curso - Educa\u00e7\u00e3o Mediunidade II<\/td>\n              <\/tr>\n              <tr style=\"height: 95px;\">\n                <td class=\"u-table-cell\">20h30 - 22h00<\/td>\n                <td class=\"u-table-cell\">Atividade Privada<\/td>\n              <\/tr>\n              <tr style=\"height: 26px;\">\n                <td class=\"u-palette-4-base u-table-cell u-text-body-color u-table-cell-29\"><\/td>\n                <td class=\"u-palette-4-base u-table-cell u-table-cell-30\">6\u00aa Feira<\/td>\n              <\/tr>\n              <tr style=\"height: 95px;\">\n                <td class=\"u-table-cell\">17h00 - 19h00<\/td>\n                <td class=\"u-table-cell\"> Atendimento Pessoal <span style=\"font-size: 0.875rem;\">(requer marca\u00e7\u00e3o pr\u00e9via)<\/span>\n                <\/td>\n              <\/tr>\n              <tr style=\"height: 95px;\">\n                <td class=\"u-table-cell\">21h00 - 22h00<\/td>\n                <td class=\"u-table-cell\">Palestra P\u00fablica - Evangelho e Vibra\u00e7\u00f5es<\/td>\n              <\/tr>\n              <tr style=\"height: 27px;\">\n                <td class=\"u-palette-4-base u-table-cell u-text-body-color u-table-cell-35\"><\/td>\n                <td class=\"u-palette-4-base u-table-cell u-table-cell-36\">S\u00e1bado<\/td>\n              <\/tr>\n              <tr style=\"height: 95px;\">\n                <td class=\"u-table-cell\">10h00 - 12h00<\/td>\n                <td class=\"u-table-cell u-table-cell-38\">\n                  <span style=\"font-size: 1.25rem;\">DIJ - Evangeliza\u00e7\u00e3o Infantil<\/span>\n                  <span style=\"font-size: 0.875rem;\">(acesso com <a href=\"https:\/\/novositecentro.ceperdaoecaridade.pt\/inicio\/dij\/\" class=\"u-active-none u-border-none u-btn u-button-link u-button-style u-hover-none u-none u-text-palette-1-base u-btn-5\">inscri\u00e7\u00e3o<\/a>)\n                  <\/span>\n                  <br>\n                <\/td>\n              <\/tr>\n              <tr style=\"height: 95px;\">\n                <td class=\"u-table-cell\">14h30 - 15h30<\/td>\n                <td class=\"u-table-cell\">Atendimento Pessoal <span style=\"font-size: 0.875rem;\">(requer marca\u00e7\u00e3o pr\u00e9via)<\/span>\n                <\/td>\n              <\/tr>\n              <tr style=\"height: 95px;\">\n                <td class=\"u-table-cell\">16h00 - 17h00<\/td>\n                <td class=\"u-table-cell\">Palestra P\u00fablica<\/td>\n              <\/tr>\n              <tr style=\"height: 95px;\">\n                <td class=\"u-table-cell\">18h00 - 19h30<\/td>\n                <td class=\"u-table-cell\">Estudo Aberto da Codifica\u00e7\u00e3o Esp\u00edrita<span style=\"font-size: 1rem;\">\n                    <span style=\"font-size: 0.875rem;\">(n\u00e3o requer pr\u00e9-inscri\u00e7\u00e3o)<\/span>\n                  <\/span>\n                  <span style=\"font-size: 1rem;\"><\/span>\n                <\/td>\n              <\/tr>\n              <tr style=\"height: 32px;\">\n                <td class=\"u-palette-4-base u-table-cell u-text-body-color u-table-cell-45\"><\/td>\n                <td class=\"u-palette-4-base u-table-cell u-table-cell-46\">Domingo - (1\u00ba Domingo do m\u00eas)<\/td>\n              <\/tr>\n              <tr style=\"height: 95px;\">\n                <td class=\"u-table-cell\">17h00 - 19h00<\/td>\n                <td class=\"u-table-cell\">Palestra P\u00fablica - Di\u00e1logos Esp\u00edritas<\/td>\n              <\/tr>\n            <\/tbody>\n          <\/table>\n        <\/div>\n      <\/div>\n    <\/section>\n    <section class=\"u-align-center u-clearfix u-image u-shading u-section-3\" src=\"\" data-image-width=\"1280\" data-image-height=\"853\" id=\"carousel_7acc\" style=\"background-image: linear-gradient(0deg, rgba(51, 47, 41, 0.6), rgba(51, 47, 41, 0.6)), url(&quot;https:\/\/novositecentro.ceperdaoecaridade.pt\/wp-content\/uploads\/2022\/01\/ge80dcbd2b4ae405a4623a1033a039e79533323e5d5c5113fbdd10ae6ba62c2dc8485e7d210e470ef09064c758e61fb13fdd09e48d8658c1b156bf2b5eba10717_1280-1.jpg&quot;);\">\n      <div class=\"u-clearfix u-sheet u-sheet-1\">\n        <h1 class=\"u-align-left u-text u-title u-text-1\">HOR\u00c1RIO DE ATIVIDADES\u200b&nbsp;<br>\n        <\/h1>\n        <p class=\"u-align-justify u-text u-text-2\"> Veja na nossa p\u00e1gina a m\u200belhor forma de chegar ao Centro Esp\u00edrita Perd\u00e3o e Caridade por meio de <a href=\"https:\/\/novositecentro.ceperdaoecaridade.pt\/inicio\/transportes\/\" class=\"u-active-none u-border-none u-btn u-button-link u-button-style u-hover-none u-none u-text-palette-1-base u-btn-1\">transportes p\u00fablicos<\/a> ou por <a href=\"https:\/\/novositecentro.ceperdaoecaridade.pt\/inicio\/contactos\/\" class=\"u-active-none u-border-none u-btn u-button-link u-button-style u-hover-none u-none u-text-palette-1-base u-btn-2\">viatura pr\u00f3pria<\/a>.\u200b&nbsp;<br>\n          <br>Chamamos ainda a aten\u00e7\u00e3o para o facto do Atendimento Pessoal Online requer marca\u00e7\u00e3o pr\u00e9via. O Atendimento Pessoal Presencial&nbsp; \u00e9 por ordem de chegada.<br>\n          <br>Marca\u00e7\u00f5es: +351 911 085 036.&nbsp;<br>\n          <br>Os cursos de forma\u00e7\u00e3o doutrin\u00e1ria est\u00e3o sujeitos a pr\u00e9-inscri\u00e7\u00e3o, que poder\u00e1 efectuar <a href=\"https:\/\/novositecentro.ceperdaoecaridade.pt\/inicio\/estudos-doutrinarios\/\" class=\"u-active-none u-border-none u-btn u-button-link u-button-style u-hover-none u-none u-text-palette-1-base u-btn-3\">aqui<\/a>.<br>\n          <br>\n          <span style=\"font-weight: 700;\">Zoom<span style=\"font-weight: 400;\">:<\/span>\n          <\/span>&nbsp;<a href=\"https:\/\/us02web.zoom.us\/j\/83620317803?pwd=bzdmeVZqYmZ3REhoOGFhZHRSUVFTUT09\" target=\"_blank\" rel=\"noopener noreferrer\" class=\"u-active-none u-border-none u-btn u-button-style u-hover-none u-none u-text-palette-1-base u-btn-4\">clique para entrar<\/a>\n          <br><b>Zoom ID<\/b>: 83620317803&nbsp; &nbsp;<br><b>Senha<\/b>: 000744&nbsp;&nbsp;<br>\n        <\/p>\n        <h1 class=\"u-align-justify u-text u-text-palette-2-light-2 u-text-3\">ATIVIDADES H\u00cdBRIDAS<\/h1>\n        <div class=\"u-table u-table-responsive u-table-1\">\n          <table class=\"u-table-entity\">\n            <colgroup>\n              <col width=\"29.37%\">\n              <col width=\"70.63%\">\n            <\/colgroup>\n            <thead class=\"u-align-left u-palette-4-base u-table-header u-text-black u-table-header-1\">\n              <tr style=\"height: 25px;\">\n                <th class=\"u-border-2 u-border-white u-table-cell u-table-cell-1\">\n                  <span style=\"font-weight: 400;\"><\/span>\n                <\/th>\n                <th class=\"u-border-2 u-border-white u-table-cell\"> 2\u00aa Feira<\/th>\n              <\/tr>\n            <\/thead>\n            <tbody class=\"u-table-body u-table-body-1\">\n              <tr style=\"height: 95px;\">\n                <td class=\"u-border-2 u-border-white u-table-cell\">17h30 - 18h45<\/td>\n                <td class=\"u-border-2 u-border-white u-table-cell\">Atendimento Pessoal - <span style=\"font-size: 0.875rem;\">Presencial, por ordem de chegada<\/span>\n                <\/td>\n              <\/tr>\n              <tr style=\"height: 118px;\">\n                <td class=\"u-border-2 u-border-white u-table-cell\">19h00 - 19h45<\/td>\n                <td class=\"u-border-2 u-border-white u-table-cell u-table-cell-6\">\n                  <span style=\"font-size: 1.25rem;\">Palestra P\u00fablica - Evangelho e Passe Magn\u00e9tico Coletivo<\/span>&nbsp;<br>- Presencial c\/ transmiss\u00e3o via Zoom\n                <\/td>\n              <\/tr>\n              <tr style=\"height: 95px;\">\n                <td class=\"u-border-2 u-border-white u-table-cell\">20h00 - 21h00<\/td>\n                <td class=\"u-border-2 u-border-white u-table-cell\">Atividade Privada<\/td>\n              <\/tr>\n              <tr style=\"height: 25px;\">\n                <td class=\"u-border-2 u-border-white u-palette-4-base u-table-cell u-text-body-color u-table-cell-9\"><\/td>\n                <td class=\"u-border-2 u-border-white u-palette-4-base u-table-cell u-table-cell-10\">3\u00aa Feira<\/td>\n              <\/tr>\n              <tr style=\"height: 95px;\">\n                <td class=\"u-border-2 u-border-white u-table-cell\">21h00 - 22h30<\/td>\n                <td class=\"u-border-2 u-border-white u-table-cell\">Atividade Privada<\/td>\n              <\/tr>\n              <tr style=\"height: 28px;\">\n                <td class=\"u-border-2 u-border-white u-palette-4-base u-table-cell u-text-black u-table-cell-13\"><\/td>\n                <td class=\"u-border-2 u-border-white u-palette-4-base u-table-cell u-table-cell-14\">4\u00aa Feira<\/td>\n              <\/tr>\n              <tr style=\"height: 95px;\">\n                <td class=\"u-border-2 u-border-white u-table-cell\">17h30 - 19h00<\/td>\n                <td class=\"u-border-2 u-border-white u-table-cell u-table-cell-16\">\n                  <span style=\"font-size: 1.25rem;\">Atendimento Pessoal -<\/span>\n                  <span style=\"font-size: 0.875rem;\">Presencial, por ordem de chegada<\/span>\n                <\/td>\n              <\/tr>\n              <tr style=\"height: 95px;\">\n                <td class=\"u-border-2 u-border-white u-table-cell\">19h30 - 20h45<\/td>\n                <td class=\"u-border-2 u-border-white u-table-cell\">Curso - Evangelho Segundo o Espiritismo - <span style=\"font-size: 0.875rem;\">Presencial<\/span>\n                <\/td>\n              <\/tr>\n              <tr style=\"height: 95px;\">\n                <td class=\"u-border-2 u-border-white u-table-cell\">19h30 - 21h00<\/td>\n                <td class=\"u-border-2 u-border-white u-table-cell\">Curso - Curso B\u00e1sico de Espiritismo - <span style=\"font-size: 0.875rem;\"> Online via Zoom<\/span>\n                <\/td>\n              <\/tr>\n              <tr style=\"height: 26px;\">\n                <td class=\"u-border-2 u-border-white u-palette-4-base u-table-cell u-text-body-color u-table-cell-21\"><\/td>\n                <td class=\"u-border-2 u-border-white u-palette-4-base u-table-cell u-table-cell-22\">5\u00aa Feira<\/td>\n              <\/tr>\n              <tr style=\"height: 95px;\">\n                <td class=\"u-border-2 u-border-white u-table-cell\">18h30 - 20h00<\/td>\n                <td class=\"u-border-2 u-border-white u-table-cell\">Atividade Privada<\/td>\n              <\/tr>\n              <tr style=\"height: 95px;\">\n                <td class=\"u-border-2 u-border-white u-table-cell\">19h00 - 20h00<\/td>\n                <td class=\"u-border-2 u-border-white u-table-cell\">Curso -&nbsp; Curso Educa\u00e7\u00e3o da Mediunidade I - <span style=\"font-size: 0.875rem;\">Presencial<\/span>\n                <\/td>\n              <\/tr>\n              <tr style=\"height: 95px;\">\n                <td class=\"u-border-2 u-border-white u-table-cell\">20h30 - 21h30<\/td>\n                <td class=\"u-border-2 u-border-white u-table-cell\">Curso -&nbsp; \u200bCurso Educa\u00e7\u00e3o da Mediunidade II - <span style=\"font-size: 0.875rem;\">Presencial<\/span>\n                <\/td>\n              <\/tr>\n              <tr style=\"height: 95px;\">\n                <td class=\"u-border-2 u-border-white u-table-cell\">20h30 - 22h00<\/td>\n                <td class=\"u-border-2 u-border-white u-table-cell\">Atividade Privada<\/td>\n              <\/tr>\n              <tr style=\"height: 26px;\">\n                <td class=\"u-border-2 u-border-white u-palette-4-base u-table-cell u-text-body-color u-table-cell-31\"><\/td>\n                <td class=\"u-border-2 u-border-white u-palette-4-base u-table-cell u-table-cell-32\">6\u00aa Feira<\/td>\n              <\/tr>\n              <tr style=\"height: 95px;\">\n                <td class=\"u-border-2 u-border-white u-table-cell\">17h00 - 19h00<\/td>\n                <td class=\"u-border-2 u-border-white u-table-cell\"> Atendimento Pessoal -&nbsp;<span style=\"font-size: 0.875rem;\">Online c\/ marca\u00e7\u00e3o pr\u00e9via<\/span>\n                <\/td>\n              <\/tr>\n              <tr style=\"height: 95px;\">\n                <td class=\"u-border-2 u-border-white u-table-cell\">21h00 - 22h00<\/td>\n                <td class=\"u-border-2 u-border-white u-table-cell\">Palestra P\u00fablica - Evangelho e Vibra\u00e7\u00f5es&nbsp;<br>- <span style=\"font-size: 0.875rem;\">Online via Zoom<\/span>\n                <\/td>\n              <\/tr>\n              <tr style=\"height: 27px;\">\n                <td class=\"u-border-2 u-border-white u-palette-4-base u-table-cell u-text-body-color u-table-cell-37\"><\/td>\n                <td class=\"u-border-2 u-border-white u-palette-4-base u-table-cell u-table-cell-38\">S\u00e1bado<\/td>\n              <\/tr>\n              <tr style=\"height: 95px;\">\n                <td class=\"u-border-2 u-border-white u-table-cell\">10h00 - 12h00<\/td>\n                <td class=\"u-border-2 u-border-white u-table-cell\">Evangeliza\u00e7\u00e3o Infantil (DIJ) - <span style=\"font-size: 0.875rem;\"> Online via Zoom<\/span>\n                <\/td>\n              <\/tr>\n              <tr style=\"height: 95px;\">\n                <td class=\"u-border-2 u-border-white u-table-cell\">14h30 - 15h30<\/td>\n                <td class=\"u-border-2 u-border-white u-table-cell\">Atendimento Pessoal - <span style=\"font-size: 0.875rem;\">Online c\/marca\u00e7\u00e3o pr\u00e9via<\/span>\n                <\/td>\n              <\/tr>\n              <tr style=\"height: 95px;\">\n                <td class=\"u-border-2 u-border-white u-table-cell\">16h00 - 17h00<\/td>\n                <td class=\"u-border-2 u-border-white u-table-cell\">Palestra P\u00fablica - <span style=\"font-size: 0.875rem;\"> Online via Zoom<\/span>\n                <\/td>\n              <\/tr>\n              <tr style=\"height: 95px;\">\n                <td class=\"u-border-2 u-border-white u-table-cell\">18h00 - 19h30<\/td>\n                <td class=\"u-border-2 u-border-white u-table-cell u-table-cell-46\">\n                  <span style=\"font-size: 1.25rem;\">Estudo Aberto da Codifica\u00e7\u00e3o Esp\u00edrita<\/span>\n                  <span style=\"font-size: 1rem;\">\n                    <span style=\"font-size: 1.25rem;\">&nbsp;-<\/span>\n                    <span style=\"font-size: 0.875rem;\"><\/span>\n                  <\/span>Online via Zoom<span style=\"font-size: 1rem;\"><\/span>\n                <\/td>\n              <\/tr>\n              <tr style=\"height: 32px;\">\n                <td class=\"u-border-2 u-border-white u-palette-4-base u-table-cell u-text-body-color u-table-cell-47\"><\/td>\n                <td class=\"u-border-2 u-border-white u-palette-4-base u-table-cell u-table-cell-48\">Domingo -&nbsp;(1\u00ba Domingo do m\u00eas)<\/td>\n              <\/tr>\n              <tr style=\"height: 95px;\">\n                <td class=\"u-border-2 u-border-white u-table-cell\">17h00 - 19h00<\/td>\n                <td class=\"u-border-2 u-border-white u-table-cell\">Palestra P\u00fablica - Di\u00e1logos Esp\u00edritas - <span style=\"font-size: 0.875rem;\"> Presencial c\/ transmiss\u00e3o via Zoom<\/span>\n                <\/td>\n              <\/tr>\n            <\/tbody>\n          <\/table>\n        <\/div>\n      <\/div>\n    <\/section>\n    \n    \n  \n<\/div>","protected":false},"excerpt":{"rendered":"<p>HOR\u00c1RIO DE ATIVIDADES\u200b&nbsp; Veja na nossa p\u00e1gina a m\u200belhor forma de chegar ao Centro Esp\u00edrita Perd\u00e3o e Caridade por meio de transportes p\u00fablicos ou por viatura pr\u00f3pria.\u200b&nbsp; Chamamos ainda a aten\u00e7\u00e3o para o facto do Atendimento Pessoal requer marca\u00e7\u00e3o pr\u00e9via. Marca\u00e7\u00f5es: +351 911 085 036. Os cursos de forma\u00e7\u00e3o doutrin\u00e1ria est\u00e3o sujeitos a pr\u00e9-inscri\u00e7\u00e3o, que&hellip; <a class=\"more-link\" href=\"https:\/\/novositecentro.ceperdaoecaridade.pt\/inicio\/horarios\/\">Continue a ler <span class=\"screen-reader-text\">Hor\u00e1rios<\/span><\/a><\/p>\n","protected":false},"author":2,"featured_media":0,"parent":0,"menu_order":4,"comment_status":"closed","ping_status":"closed","template":"","meta":{"footnotes":""},"class_list":["post-666","page","type-page","status-publish","hentry","entry"],"_links":{"self":[{"href":"https:\/\/novositecentro.ceperdaoecaridade.pt\/inicio\/wp-json\/wp\/v2\/pages\/666","targetHints":{"allow":["GET"]}}],"collection":[{"href":"https:\/\/novositecentro.ceperdaoecaridade.pt\/inicio\/wp-json\/wp\/v2\/pages"}],"about":[{"href":"https:\/\/novositecentro.ceperdaoecaridade.pt\/inicio\/wp-json\/wp\/v2\/types\/page"}],"author":[{"embeddable":true,"href":"https:\/\/novositecentro.ceperdaoecaridade.pt\/inicio\/wp-json\/wp\/v2\/users\/2"}],"replies":[{"embeddable":true,"href":"https:\/\/novositecentro.ceperdaoecaridade.pt\/inicio\/wp-json\/wp\/v2\/comments?post=666"}],"version-history":[{"count":23,"href":"https:\/\/novositecentro.ceperdaoecaridade.pt\/inicio\/wp-json\/wp\/v2\/pages\/666\/revisions"}],"predecessor-version":[{"id":1281,"href":"https:\/\/novositecentro.ceperdaoecaridade.pt\/inicio\/wp-json\/wp\/v2\/pages\/666\/revisions\/1281"}],"wp:attachment":[{"href":"https:\/\/novositecentro.ceperdaoecaridade.pt\/inicio\/wp-json\/wp\/v2\/media?parent=666"}],"curies":[{"name":"wp","href":"https:\/\/api.w.org\/{rel}","templated":true}]}}