{"id":665,"date":"2022-01-31T00:23:38","date_gmt":"2022-01-31T00:23:38","guid":{"rendered":"https:\/\/novositecentro.ceperdaoecaridade.pt\/inicio\/"},"modified":"2022-04-07T09:52:03","modified_gmt":"2022-04-07T09:52:03","slug":"inicio","status":"publish","type":"page","link":"https:\/\/novositecentro.ceperdaoecaridade.pt\/inicio\/","title":{"rendered":"CEPC"},"content":{"rendered":"<div class=\"\" style=\"\" >\n    \n    <section class=\"u-align-right u-clearfix u-image u-shading u-section-2\" id=\"novidades\" data-image-width=\"1280\" data-image-height=\"852\" style=\"background-image: linear-gradient(0deg, rgba(41, 49, 51, 0.6), rgba(41, 49, 51, 0.6)), url(&quot;https:\/\/novositecentro.ceperdaoecaridade.pt\/wp-content\/uploads\/2022\/01\/7081a82ae12abe8e76ad6f1ae81df344898c6f42d88e36ba331dd794e82b5eb6522267b5df9da351227a84f4d51441782a00363d1fbf88fb72a167_1280.jpg&quot;);\">\n      <div class=\"u-clearfix u-sheet u-sheet-1\">\n        <div class=\"u-carousel u-expanded-width u-gallery u-layout-carousel u-lightbox u-no-transition u-show-text-none u-gallery-1\" data-interval=\"5000\" data-u-ride=\"carousel\" id=\"carousel-9387\">\n          <ol class=\"u-absolute-hcenter u-carousel-indicators u-carousel-indicators-1\">\n            <li data-u-target=\"#carousel-9387\" data-u-slide-to=\"0\" class=\"u-active u-grey-70 u-shape-circle\" style=\"width: 10px; height: 10px;\"><\/li>\n            <li data-u-target=\"#carousel-9387\" data-u-slide-to=\"1\" class=\"u-grey-70 u-shape-circle\" style=\"width: 10px; height: 10px;\"><\/li>\n            <li data-u-target=\"#carousel-9387\" data-u-slide-to=\"2\" class=\"u-grey-70 u-shape-circle\" style=\"width: 10px; height: 10px;\"><\/li>\n            <li data-u-target=\"#carousel-9387\" data-u-slide-to=\"3\" class=\"u-grey-70 u-shape-circle\" style=\"width: 10px; height: 10px;\"><\/li>\n          <\/ol>\n          <div class=\"u-carousel-inner u-gallery-inner\" role=\"listbox\">\n            <div class=\"u-active u-carousel-item u-gallery-item u-carousel-item-1\" data-image-width=\"1078\" data-image-height=\"267\" data-href=\"https:\/\/novositecentro.ceperdaoecaridade.pt\/inicio\/horarios\/\" title=\"Hor\u00e1rios\">\n              <div class=\"u-back-slide\" data-image-width=\"1140\" data-image-height=\"387\">\n                <img decoding=\"async\" class=\"u-back-image u-expanded u-image-contain\" src=\"https:\/\/novositecentro.ceperdaoecaridade.pt\/wp-content\/uploads\/2022\/03\/ComunicadoMaro2022.png\">\n              <\/div>\n              <div class=\"u-over-slide u-over-slide-1\">\n                <h3 class=\"u-gallery-heading\"><\/h3>\n                <p class=\"u-gallery-text\"><\/p>\n              <\/div>\n            <\/div>\n            <div class=\"u-carousel-item u-gallery-item u-carousel-item-2\" data-href=\"https:\/\/novositecentro.ceperdaoecaridade.pt\/inicio\/eventos\/\" title=\"Eventos\">\n              <div class=\"u-back-slide\" data-image-width=\"2560\" data-image-height=\"1460\">\n                <img decoding=\"async\" class=\"u-back-image u-expanded u-image-contain\" src=\"https:\/\/novositecentro.ceperdaoecaridade.pt\/wp-content\/uploads\/2022\/02\/DEmaio2022-scaled.jpg\">\n              <\/div>\n              <div class=\"u-over-slide u-over-slide-2\">\n                <h3 class=\"u-gallery-heading\"><\/h3>\n                <p class=\"u-gallery-text\"><\/p>\n              <\/div>\n            <\/div>\n            <div class=\"u-carousel-item u-gallery-item u-carousel-item-3\" data-image-width=\"793\" data-image-height=\"1027\" data-href=\"https:\/\/novositecentro.ceperdaoecaridade.pt\/inicio\/eventos\/#carousel_da9d\" title=\"Block 2\">\n              <div class=\"u-back-slide\">\n                <img decoding=\"async\" class=\"u-back-image u-expanded u-image-contain\" src=\"https:\/\/novositecentro.ceperdaoecaridade.pt\/wp-content\/uploads\/2022\/04\/Jornadas2022.png\">\n              <\/div>\n              <div class=\"u-over-slide u-over-slide-3\">\n                <h3 class=\"u-gallery-heading\"><\/h3>\n                <p class=\"u-gallery-text\"><\/p>\n              <\/div>\n              <style data-mode=\"XL\"><\/style>\n              <style data-mode=\"LG\"><\/style>\n              <style data-mode=\"MD\"><\/style>\n              <style data-mode=\"SM\"><\/style>\n              <style data-mode=\"XS\"><\/style>\n            <\/div>\n            <div class=\"u-carousel-item u-gallery-item u-carousel-item-4\" data-href=\"https:\/\/novositecentro.ceperdaoecaridade.pt\/inicio\/roteiro-de-luz\/\" title=\"Boletim\">\n              <div class=\"u-back-slide\" data-image-width=\"750\" data-image-height=\"215\">\n                <img decoding=\"async\" class=\"u-back-image u-expanded u-image-contain\" src=\"https:\/\/novositecentro.ceperdaoecaridade.pt\/wp-content\/uploads\/2022\/02\/roteiro0021-768x220.jpg\">\n              <\/div>\n              <div class=\"u-over-slide u-over-slide-4\">\n                <h3 class=\"u-gallery-heading\"><\/h3>\n                <p class=\"u-gallery-text\"><\/p>\n              <\/div>\n            <\/div>\n          <\/div>\n          <a class=\"u-absolute-vcenter u-carousel-control u-carousel-control-prev u-icon-rectangle u-opacity u-opacity-70 u-text-body-alt-color u-text-hover-palette-1-base u-carousel-control-1\" href=\"#carousel-9387\" role=\"button\" data-u-slide=\"prev\">\n            <span aria-hidden=\"true\">\n              <svg viewBox=\"0 0 477.175 477.175\"><path d=\"M145.188,238.575l215.5-215.5c5.3-5.3,5.3-13.8,0-19.1s-13.8-5.3-19.1,0l-225.1,225.1c-5.3,5.3-5.3,13.8,0,19.1l225.1,225\n\t\tc2.6,2.6,6.1,4,9.5,4s6.9-1.3,9.5-4c5.3-5.3,5.3-13.8,0-19.1L145.188,238.575z\"><\/path><\/svg>\n            <\/span>\n            <span class=\"sr-only\">\n              <svg viewBox=\"0 0 477.175 477.175\"><path d=\"M145.188,238.575l215.5-215.5c5.3-5.3,5.3-13.8,0-19.1s-13.8-5.3-19.1,0l-225.1,225.1c-5.3,5.3-5.3,13.8,0,19.1l225.1,225\n\t\tc2.6,2.6,6.1,4,9.5,4s6.9-1.3,9.5-4c5.3-5.3,5.3-13.8,0-19.1L145.188,238.575z\"><\/path><\/svg>\n            <\/span>\n          <\/a>\n          <a class=\"u-absolute-vcenter u-carousel-control u-carousel-control-next u-icon-rectangle u-opacity u-opacity-70 u-text-body-alt-color u-text-hover-palette-1-base u-carousel-control-2\" href=\"#carousel-9387\" role=\"button\" data-u-slide=\"next\">\n            <span aria-hidden=\"true\">\n              <svg viewBox=\"0 0 477.175 477.175\"><path d=\"M360.731,229.075l-225.1-225.1c-5.3-5.3-13.8-5.3-19.1,0s-5.3,13.8,0,19.1l215.5,215.5l-215.5,215.5\n\t\tc-5.3,5.3-5.3,13.8,0,19.1c2.6,2.6,6.1,4,9.5,4c3.4,0,6.9-1.3,9.5-4l225.1-225.1C365.931,242.875,365.931,234.275,360.731,229.075z\"><\/path><\/svg>\n            <\/span>\n            <span class=\"sr-only\">\n              <svg viewBox=\"0 0 477.175 477.175\"><path d=\"M360.731,229.075l-225.1-225.1c-5.3-5.3-13.8-5.3-19.1,0s-5.3,13.8,0,19.1l215.5,215.5l-215.5,215.5\n\t\tc-5.3,5.3-5.3,13.8,0,19.1c2.6,2.6,6.1,4,9.5,4c3.4,0,6.9-1.3,9.5-4l225.1-225.1C365.931,242.875,365.931,234.275,360.731,229.075z\"><\/path><\/svg>\n            <\/span>\n          <\/a>\n        <\/div>\n        <div class=\"u-clearfix u-expanded-width u-gutter-32 u-layout-wrap u-layout-wrap-1\">\n          <div class=\"u-layout\">\n            <div class=\"u-layout-row\">\n              <div class=\"u-border-no-bottom u-border-no-left u-border-no-right u-border-no-top u-container-style u-layout-cell u-left-cell u-size-20 u-white u-layout-cell-1\">\n                <div class=\"u-container-layout u-valign-bottom u-container-layout-1\">\n                  <img decoding=\"async\" class=\"u-expanded-width u-image u-image-1\" src=\"https:\/\/novositecentro.ceperdaoecaridade.pt\/wp-content\/uploads\/2022\/01\/jesus_kardec_chico-1.jpg\" data-image-width=\"1208\" data-image-height=\"873\" data-href=\"https:\/\/novositecentro.ceperdaoecaridade.pt\/inicio\/o-que-e-o-espiritismo\/\" title=\"O que \u00e9 o Espiritismo\">\n                  <h4 class=\"u-align-center u-text u-text-1\">\n                    <a href=\"https:\/\/novositecentro.ceperdaoecaridade.pt\/o-que-e-o-espiritismo\/\" class=\"u-active-none u-border-none u-btn u-button-link u-button-style u-hover-none u-none u-text-black u-text-hover-palette-1-base u-btn-1\">O QUE \u00c9 O ESPIRITISMO?<\/a>\n                  <\/h4>\n                <\/div>\n              <\/div>\n              <div class=\"u-container-style u-layout-cell u-size-20 u-white u-layout-cell-2\">\n                <div class=\"u-container-layout u-valign-bottom-lg u-valign-bottom-md u-valign-bottom-sm u-valign-bottom-xs u-container-layout-2\">\n                  <img decoding=\"async\" class=\"u-expanded-width u-image u-image-2\" src=\"https:\/\/novositecentro.ceperdaoecaridade.pt\/wp-content\/uploads\/2021\/11\/IMG_0011-2.png\" data-image-width=\"319\" data-image-height=\"253\" data-href=\"https:\/\/novositecentro.ceperdaoecaridade.pt\/inicio\/quem-somos\/\" title=\"Quem Somos\">\n                  <h4 class=\"u-align-center u-text u-text-2\">\n                    <a class=\"u-active-none u-border-none u-btn u-button-link u-button-style u-hover-none u-none u-text-body-color u-text-hover-palette-1-base u-btn-2\" href=\"https:\/\/novositecentro.ceperdaoecaridade.pt\/quem-somos\/\">quem somos?<\/a>\n                  <\/h4>\n                <\/div>\n              <\/div>\n              <div class=\"u-container-style u-layout-cell u-size-20 u-white u-layout-cell-3\">\n                <div class=\"u-container-layout u-valign-bottom-lg u-valign-bottom-md u-valign-bottom-sm u-valign-bottom-xs u-container-layout-3\">\n                  <img decoding=\"async\" class=\"u-expanded-width u-image u-image-3\" src=\"https:\/\/novositecentro.ceperdaoecaridade.pt\/wp-content\/uploads\/2022\/01\/ge80dcbd2b4ae405a4623a1033a039e79533323e5d5c5113fbdd10ae6ba62c2dc8485e7d210e470ef09064c758e61fb13fdd09e48d8658c1b156bf2b5eba10717_1280-1.jpg\" data-image-width=\"1280\" data-image-height=\"853\" data-href=\"https:\/\/novositecentro.ceperdaoecaridade.pt\/inicio\/horarios\/\" title=\"Hor\u00e1rios\">\n                  <h4 class=\"u-align-center u-text u-text-3\">\n                    <a class=\"u-active-none u-border-none u-btn u-button-link u-button-style u-hover-none u-none u-text-body-color u-text-hover-palette-1-base u-btn-3\" href=\"https:\/\/novositecentro.ceperdaoecaridade.pt\/inicio\/horarios\/\">hor\u00e1rios<\/a>\n                  <\/h4>\n                <\/div>\n              <\/div>\n            <\/div>\n          <\/div>\n        <\/div>\n        <div class=\"u-clearfix u-expanded-width u-gutter-32 u-layout-wrap u-layout-wrap-2\">\n          <div class=\"u-layout\">\n            <div class=\"u-layout-row\">\n              <div class=\"u-border-no-bottom u-border-no-left u-border-no-right u-border-no-top u-container-style u-layout-cell u-left-cell u-size-20 u-white u-layout-cell-4\">\n                <div class=\"u-container-layout u-valign-bottom-md u-valign-bottom-sm u-valign-bottom-xs u-container-layout-4\">\n                  <img decoding=\"async\" class=\"u-image u-image-4\" src=\"https:\/\/novositecentro.ceperdaoecaridade.pt\/wp-content\/uploads\/2022\/02\/4d407697261d90d8b472a37c6710c134c54bcd1fc773af925ca62debeb939c3d315879009f61d57aad6c37abafae8d9b4be95004861153dd2afb70_1280-1.jpg\" data-image-width=\"1280\" data-image-height=\"960\" data-href=\"https:\/\/novositecentro.ceperdaoecaridade.pt\/inicio\/atividades-doutrinarias-2\/\" title=\"Atividades Doutrin\u00e1rias\">\n                  <h4 class=\"u-align-center u-text u-text-4\">\n                    <a class=\"u-active-none u-border-none u-btn u-button-link u-button-style u-hover-none u-none u-text-black u-text-hover-palette-1-base u-btn-4\" href=\"https:\/\/novositecentro.ceperdaoecaridade.pt\/inicio\/atividades-doutrinarias-2\/\">atividades doutrin\u00e1rias<\/a>\n                  <\/h4>\n                <\/div>\n              <\/div>\n              <div class=\"u-container-style u-layout-cell u-size-20 u-white u-layout-cell-5\">\n                <div class=\"u-container-layout u-valign-top u-container-layout-5\">\n                  <img decoding=\"async\" class=\"u-image u-image-5\" src=\"https:\/\/novositecentro.ceperdaoecaridade.pt\/wp-content\/uploads\/2022\/01\/gd2b8a61865d7c96118db317120cc369c18cda3ca844db7ae57475b123e38fd7e3ba34e8ecd775ba8f19cebde40271fe6bd176eede6a2cb479d89c2840bc3bef6_1280-1.jpg\" data-image-width=\"1280\" data-image-height=\"961\" data-href=\"https:\/\/novositecentro.ceperdaoecaridade.pt\/inicio\/estudos-doutrinarios\/\" title=\"Cursos Doutrin\u00e1rios\">\n                  <h4 class=\"u-align-center u-text u-text-5\">\n                    <a class=\"u-active-none u-border-none u-btn u-button-link u-button-style u-hover-none u-none u-text-black u-text-hover-palette-1-base u-btn-5\" href=\"https:\/\/novositecentro.ceperdaoecaridade.pt\/inicio\/estudos-doutrinarios\/\">cursos e estudos<\/a>\n                  <\/h4>\n                <\/div>\n              <\/div>\n              <div class=\"u-container-style u-layout-cell u-right-cell u-size-20 u-white u-layout-cell-6\">\n                <div class=\"u-container-layout u-container-layout-6\">\n                  <img decoding=\"async\" class=\"u-image u-image-6\" src=\"https:\/\/novositecentro.ceperdaoecaridade.pt\/wp-content\/uploads\/2022\/01\/gb6e91c36d3d7cca89fb632da9cfe97ae11ab14612247dbcb31c304e28feb95649334c9c3d64793b5a0d28e4f012121837f7fdabc44a4fb49531bf99d53a8d2b6_1280-1.jpg\" data-image-width=\"1280\" data-image-height=\"853\" data-href=\"https:\/\/novositecentro.ceperdaoecaridade.pt\/inicio\/dij\/\" title=\"DIJ\">\n                  <h4 class=\"u-align-center u-text u-text-6\">\n                    <a class=\"u-active-none u-border-none u-btn u-button-link u-button-style u-hover-none u-none u-text-black u-text-hover-palette-1-base u-btn-6\" href=\"https:\/\/novositecentro.ceperdaoecaridade.pt\/inicio\/dij\/\">departamento infanto-juvenil<\/a>\n                  <\/h4>\n                <\/div>\n              <\/div>\n            <\/div>\n          <\/div>\n        <\/div>\n        <div class=\"u-clearfix u-expanded-width u-gutter-32 u-layout-wrap u-layout-wrap-3\">\n          <div class=\"u-layout\">\n            <div class=\"u-layout-row\">\n              <div class=\"u-border-no-bottom u-border-no-left u-border-no-right u-border-no-top u-container-style u-layout-cell u-left-cell u-size-20 u-white u-layout-cell-7\">\n                <div class=\"u-container-layout u-valign-top u-container-layout-7\">\n                  <img decoding=\"async\" class=\"u-expanded-width u-image u-image-7\" src=\"https:\/\/novositecentro.ceperdaoecaridade.pt\/wp-content\/uploads\/2022\/01\/f91e9715e1170a3ce2e78032e35135eddc24952dbae27ebc990dd3a396ed19efbf2045ea22bbe287dc885f3bfa0eb156e8c854e45799e0c9ad33e6_1280-1.jpg\" data-image-width=\"1280\" data-image-height=\"854\" data-href=\"https:\/\/novositecentro.ceperdaoecaridade.pt\/inicio\/atendimento-fraterno-pessoal\/\" title=\"Atendimento Pessoal\">\n                  <h4 class=\"u-align-center u-text u-text-7\">\n                    <a class=\"u-active-none u-border-none u-btn u-button-link u-button-style u-hover-none u-none u-text-black u-text-hover-palette-1-base u-btn-7\" href=\"https:\/\/novositecentro.ceperdaoecaridade.pt\/inicio\/atendimento-fraterno-pessoal\/\">atendimento pessoal<\/a>\n                  <\/h4>\n                <\/div>\n              <\/div>\n              <div class=\"u-container-style u-layout-cell u-size-20 u-white u-layout-cell-8\">\n                <div class=\"u-container-layout u-valign-bottom-lg u-valign-bottom-md u-valign-bottom-sm u-valign-bottom-xs u-container-layout-8\">\n                  <img decoding=\"async\" class=\"u-expanded-width u-image u-image-8\" src=\"https:\/\/novositecentro.ceperdaoecaridade.pt\/wp-content\/uploads\/2022\/02\/DAS2.jpg\" data-image-width=\"1203\" data-image-height=\"1000\" data-href=\"https:\/\/novositecentro.ceperdaoecaridade.pt\/inicio\/acao-social\/\" title=\"A\u00e7\u00e3o Social\">\n                  <h4 class=\"u-align-center u-text u-text-8\">\n                    <a class=\"u-btn u-button-link u-button-style u-none u-text-body-color u-text-hover-palette-1-base u-btn-8\" href=\"https:\/\/novositecentro.ceperdaoecaridade.pt\/inicio\/acao-social\/\"> A\u00c7\u00c3O SOCIAL <\/a>\n                  <\/h4>\n                <\/div>\n              <\/div>\n              <div class=\"u-container-style u-layout-cell u-right-cell u-size-20 u-white u-layout-cell-9\">\n                <div class=\"u-container-layout u-container-layout-9\">\n                  <img decoding=\"async\" class=\"u-expanded-width u-image u-image-9\" src=\"https:\/\/novositecentro.ceperdaoecaridade.pt\/wp-content\/uploads\/2021\/11\/c50b3e01c93067da2837dbea5e5af2aa29d3745ce7c65d1717a65c18d3e0cf90179604306a7135b69d19474fdf4087bce1791250ff3e49cb0863a3_1280-2.jpg\" data-image-width=\"1280\" data-image-height=\"960\" data-href=\"https:\/\/novositecentro.ceperdaoecaridade.pt\/inicio\/eventos\/\" title=\"Eventos\">\n                  <h4 class=\"u-align-center u-text u-text-9\">\n                    <a class=\"u-active-none u-border-none u-btn u-button-link u-button-style u-hover-none u-none u-text-black u-text-hover-palette-1-base u-btn-9\" href=\"https:\/\/novositecentro.ceperdaoecaridade.pt\/inicio\/eventos\/\">eventos<br>\n                    <\/a>\n                  <\/h4>\n                <\/div>\n              <\/div>\n            <\/div>\n          <\/div>\n        <\/div>\n        <div class=\"u-clearfix u-expanded-width u-gutter-32 u-layout-wrap u-layout-wrap-4\">\n          <div class=\"u-layout\">\n            <div class=\"u-layout-row\">\n              <div class=\"u-border-no-bottom u-border-no-left u-border-no-right u-border-no-top u-container-style u-layout-cell u-left-cell u-size-20 u-white u-layout-cell-10\">\n                <div class=\"u-container-layout u-valign-bottom-xl u-valign-top-lg u-valign-top-md u-valign-top-sm u-valign-top-xs u-container-layout-10\">\n                  <img decoding=\"async\" class=\"u-expanded-width-xl u-image u-image-10\" src=\"https:\/\/novositecentro.ceperdaoecaridade.pt\/wp-content\/uploads\/2022\/02\/92b277cba798b60485d1e30a822f9ca50bab3d836e630dbd176f24bae21d1b01b6d3137c93db1466aa0a7c7327dafa23d43e149f03df0ec2ad4b3a_1280.jpg\" data-image-width=\"1280\" data-image-height=\"853\" data-href=\"https:\/\/novositecentro.ceperdaoecaridade.pt\/inicio\/loja-detalhes\/\" title=\"Livraria\">\n                  <h4 class=\"u-align-center u-text u-text-10\">\n                    <a class=\"u-active-none u-border-none u-btn u-button-link u-button-style u-hover-none u-none u-text-black u-text-hover-palette-1-base u-btn-10\" href=\"https:\/\/novositecentro.ceperdaoecaridade.pt\/inicio\/loja-detalhes\/\">livraria<\/a>\n                  <\/h4>\n                <\/div>\n              <\/div>\n              <div class=\"u-container-style u-layout-cell u-size-20 u-white u-layout-cell-11\">\n                <div class=\"u-container-layout u-valign-bottom-xl u-valign-top-lg u-valign-top-md u-valign-top-sm u-valign-top-xs u-container-layout-11\">\n                  <img decoding=\"async\" class=\"u-expanded-width-xl u-image u-image-11\" src=\"https:\/\/novositecentro.ceperdaoecaridade.pt\/wp-content\/uploads\/2022\/01\/ga13ced724b7fc271ce4e71a698eefe184e31b9637ebdaca0231d664207ef71c01eaa9f59985b805235bf6d3bbcb4bb3a42a34158177f90d3d6c622bdc4e203bf_1280-1.jpg\" data-image-width=\"1280\" data-image-height=\"717\" data-href=\"https:\/\/novositecentro.ceperdaoecaridade.pt\/inicio\/infoteca\/\" title=\"Infoteca\">\n                  <h4 class=\"u-align-center u-text u-text-11\">\n                    <a class=\"u-active-none u-border-none u-btn u-button-link u-button-style u-hover-none u-none u-text-black u-text-hover-palette-1-base u-btn-11\" href=\"https:\/\/novositecentro.ceperdaoecaridade.pt\/inicio\/infoteca\/\">infoteca<\/a>\n                  <\/h4>\n                <\/div>\n              <\/div>\n              <div class=\"u-align-center u-container-style u-layout-cell u-right-cell u-size-20 u-white u-layout-cell-12\">\n                <div class=\"u-container-layout u-valign-bottom-xl u-container-layout-12\">\n                  <img decoding=\"async\" class=\"u-expanded-width u-image u-image-12\" src=\"https:\/\/novositecentro.ceperdaoecaridade.pt\/wp-content\/uploads\/2022\/02\/1aa1498cca088167b72d344e80a731aeee59d83df28e6da8c5c5661c2f5c42f244508dfe1412d96da62cad89f2b7b6c0a7e30a52280c7f4d5f583d_1280.jpg\" data-image-width=\"1280\" data-image-height=\"853\" data-href=\"https:\/\/novositecentro.ceperdaoecaridade.pt\/inicio\/roteiro-de-luz\/\" title=\"Boletim\">\n                  <h4 class=\"u-text u-text-12\">\n                    <a class=\"u-active-none u-border-none u-btn u-button-link u-button-style u-hover-none u-none u-text-black u-text-hover-palette-1-base u-btn-12\" href=\"https:\/\/novositecentro.ceperdaoecaridade.pt\/inicio\/roteiro-de-luz\/\">BOLETIm INFORMATIVO<\/a>\n                  <\/h4>\n                <\/div>\n              <\/div>\n            <\/div>\n          <\/div>\n        <\/div>\n      <\/div>\n    <\/section>\n    \n    \n  \n<\/div>","protected":false},"excerpt":{"rendered":"<p>O QUE \u00c9 O ESPIRITISMO? quem somos? hor\u00e1rios atividades doutrin\u00e1rias cursos e estudos departamento infanto-juvenil atendimento pessoal A\u00c7\u00c3O SOCIAL eventos livraria infoteca BOLETIm INFORMATIVO<\/p>\n","protected":false},"author":2,"featured_media":0,"parent":0,"menu_order":3,"comment_status":"closed","ping_status":"closed","template":"","meta":{"footnotes":""},"class_list":["post-665","page","type-page","status-publish","hentry","entry"],"_links":{"self":[{"href":"https:\/\/novositecentro.ceperdaoecaridade.pt\/inicio\/wp-json\/wp\/v2\/pages\/665","targetHints":{"allow":["GET"]}}],"collection":[{"href":"https:\/\/novositecentro.ceperdaoecaridade.pt\/inicio\/wp-json\/wp\/v2\/pages"}],"about":[{"href":"https:\/\/novositecentro.ceperdaoecaridade.pt\/inicio\/wp-json\/wp\/v2\/types\/page"}],"author":[{"embeddable":true,"href":"https:\/\/novositecentro.ceperdaoecaridade.pt\/inicio\/wp-json\/wp\/v2\/users\/2"}],"replies":[{"embeddable":true,"href":"https:\/\/novositecentro.ceperdaoecaridade.pt\/inicio\/wp-json\/wp\/v2\/comments?post=665"}],"version-history":[{"count":38,"href":"https:\/\/novositecentro.ceperdaoecaridade.pt\/inicio\/wp-json\/wp\/v2\/pages\/665\/revisions"}],"predecessor-version":[{"id":1086,"href":"https:\/\/novositecentro.ceperdaoecaridade.pt\/inicio\/wp-json\/wp\/v2\/pages\/665\/revisions\/1086"}],"wp:attachment":[{"href":"https:\/\/novositecentro.ceperdaoecaridade.pt\/inicio\/wp-json\/wp\/v2\/media?parent=665"}],"curies":[{"name":"wp","href":"https:\/\/api.w.org\/{rel}","templated":true}]}}