{"id":664,"date":"2022-01-31T00:23:37","date_gmt":"2022-01-31T00:23:37","guid":{"rendered":"https:\/\/novositecentro.ceperdaoecaridade.pt\/quem-somos\/"},"modified":"2022-02-09T16:51:42","modified_gmt":"2022-02-09T16:51:42","slug":"quem-somos","status":"publish","type":"page","link":"https:\/\/novositecentro.ceperdaoecaridade.pt\/inicio\/quem-somos\/","title":{"rendered":"Quem Somos"},"content":{"rendered":"<div class=\"\" style=\"\" >\n    \n    <section class=\"u-align-right u-clearfix u-image u-shading u-section-2\" id=\"carousel_3934\" data-image-width=\"1200\" data-image-height=\"1600\" style=\"background-image: linear-gradient(0deg, rgba(41, 49, 51, 0.6), rgba(41, 49, 51, 0.6)), url(&quot;https:\/\/novositecentro.ceperdaoecaridade.pt\/wp-content\/uploads\/2022\/02\/IMG_0011big.jpg&quot;);\">\n      <div class=\"u-clearfix u-sheet u-valign-middle-lg u-sheet-1\">\n        <p class=\"u-align-justify u-text u-text-1\">\n          <span style=\"font-size: 1.25rem;\"> O Centro Esp\u00edrita Perd\u00e3o e Caridade, \u00e9 uma Associa\u00e7\u00e3o particular sem fins lucrativos que tem como objectiv\u200bos o estudo e pr\u00e1tica da Doutrina Esp\u00edrita nas suas vertentes cient\u00edfica, filos\u00f3fica e religiosa, codificada por Allan Kardec, bem como actividades de solidariedade social, na presta\u00e7\u00e3o de assist\u00eancia aos necessitados, de forma gratuita.&nbsp;<br>\n            <br>\u00c9 constitu\u00edda por algumas dezenas de trabalhadores que, de forma volunt\u00e1ria, prestam servi\u00e7os de esclarecimento e ajudas variadas, baseado nas orienta\u00e7\u00f5es que o Espiritismo preconiza. Na sua estrutura, a casa esp\u00edrita possui diversos departamentos e actividades tais como \u00c1rea Infanto-Juvenil (D.I.J.), palestras p\u00fablicas, cursos doutrin\u00e1rios, servi\u00e7os de atendimento, grupos de estudo ou ajuda aos mais desfavorecidos, entre outras ac\u00e7\u00f5es.&nbsp;<br>\n            <br>O Centro Esp\u00edrita Perd\u00e3o e Caridade, foi fundado em 28 de Outubro de 1931. Em 1954, devido \u00e0 ditadura do regime Salazarista, foram suspensas as suas actividades que viriam a ser retomadas vinte anos mais tarde, ap\u00f3s o 25 de Abril de 1974.\n          <\/span>\n          <br>\n        <\/p>\n      <\/div>\n    <\/section>\n    \n    \n  \n<\/div>","protected":false},"excerpt":{"rendered":"<p>O Centro Esp\u00edrita Perd\u00e3o e Caridade, \u00e9 uma Associa\u00e7\u00e3o particular sem fins lucrativos que tem como objectiv\u200bos o estudo e pr\u00e1tica da Doutrina Esp\u00edrita nas suas vertentes cient\u00edfica, filos\u00f3fica e religiosa, codificada por Allan Kardec, bem como actividades de solidariedade social, na presta\u00e7\u00e3o de assist\u00eancia aos necessitados, de forma gratuita.&nbsp; \u00c9 constitu\u00edda por algumas dezenas&hellip; <a class=\"more-link\" href=\"https:\/\/novositecentro.ceperdaoecaridade.pt\/inicio\/quem-somos\/\">Continue a ler <span class=\"screen-reader-text\">Quem Somos<\/span><\/a><\/p>\n","protected":false},"author":2,"featured_media":0,"parent":0,"menu_order":2,"comment_status":"closed","ping_status":"closed","template":"","meta":{"footnotes":""},"class_list":["post-664","page","type-page","status-publish","hentry","entry"],"_links":{"self":[{"href":"https:\/\/novositecentro.ceperdaoecaridade.pt\/inicio\/wp-json\/wp\/v2\/pages\/664","targetHints":{"allow":["GET"]}}],"collection":[{"href":"https:\/\/novositecentro.ceperdaoecaridade.pt\/inicio\/wp-json\/wp\/v2\/pages"}],"about":[{"href":"https:\/\/novositecentro.ceperdaoecaridade.pt\/inicio\/wp-json\/wp\/v2\/types\/page"}],"author":[{"embeddable":true,"href":"https:\/\/novositecentro.ceperdaoecaridade.pt\/inicio\/wp-json\/wp\/v2\/users\/2"}],"replies":[{"embeddable":true,"href":"https:\/\/novositecentro.ceperdaoecaridade.pt\/inicio\/wp-json\/wp\/v2\/comments?post=664"}],"version-history":[{"count":4,"href":"https:\/\/novositecentro.ceperdaoecaridade.pt\/inicio\/wp-json\/wp\/v2\/pages\/664\/revisions"}],"predecessor-version":[{"id":1055,"href":"https:\/\/novositecentro.ceperdaoecaridade.pt\/inicio\/wp-json\/wp\/v2\/pages\/664\/revisions\/1055"}],"wp:attachment":[{"href":"https:\/\/novositecentro.ceperdaoecaridade.pt\/inicio\/wp-json\/wp\/v2\/media?parent=664"}],"curies":[{"name":"wp","href":"https:\/\/api.w.org\/{rel}","templated":true}]}}