{"id":663,"date":"2022-01-31T00:23:36","date_gmt":"2022-01-31T00:23:36","guid":{"rendered":"https:\/\/novositecentro.ceperdaoecaridade.pt\/o-que-e-o-espiritismo\/"},"modified":"2022-04-04T11:41:51","modified_gmt":"2022-04-04T11:41:51","slug":"o-que-e-o-espiritismo","status":"publish","type":"page","link":"https:\/\/novositecentro.ceperdaoecaridade.pt\/inicio\/o-que-e-o-espiritismo\/","title":{"rendered":"O que \u00e9 o Espiritismo"},"content":{"rendered":"<div class=\"\" style=\"\" >\n    \n    <section class=\"u-align-right u-clearfix u-image u-shading u-section-2\" id=\"carousel_4cdf\" data-image-width=\"1208\" data-image-height=\"873\" style=\"background-image: linear-gradient(0deg, rgba(51, 47, 41, 0.6), rgba(51, 47, 41, 0.6)), url(&quot;https:\/\/novositecentro.ceperdaoecaridade.pt\/wp-content\/uploads\/2022\/01\/jesus_kardec_chico-1.jpg&quot;);\">\n      <div class=\"u-clearfix u-sheet u-sheet-1\">\n        <h1 class=\"u-align-center-md u-align-center-sm u-align-center-xs u-align-justify-lg u-align-justify-xl u-text u-title u-text-1\">o que \u00e9 o espiritismo?<\/h1>\n        <p class=\"u-align-justify u-text u-text-2\"> \u201cO espiritismo \u00e9, ao mesmo tempo, uma ci\u00eancia de observa\u00e7\u00e3o e uma doutrina filos\u00f3fica. Como ci\u00eancia pr\u00e1tica, consiste nas rela\u00e7\u00f5es que se estabelecem entre n\u00f3s e os esp\u00edritos; como filosofia, compreende todas as consequ\u00eancias morais que dimanam dessas mesmas rela\u00e7\u00f5es.\u201d<br>\n          <span style=\"font-style: italic; font-weight: 700; font-size: 1rem;\">Allan Kardec (O que \u00e9 o Espiritismo)<\/span>\n          <br>\n          <br>\u201cO Espiritismo \u00e9 uma ci\u00eancia que trata da natureza, da origem e da destina\u00e7\u00e3o dos Esp\u00edritos, e das suas rela\u00e7\u00f5es com o mundo corporal.\u201d<br>\n          <span style=\"font-style: italic; font-weight: 700; font-size: 1rem;\">Allan Kardec (O que \u00e9 o Espiritismo, Pre\u00e2mbulo)<\/span>\n          <br>\n          <br>\u201cO Espiritismo realiza o que Jesus disse do Consolador prometido: conhecimento das coisas, fazendo que o homem saiba donde vem, para onde vai e por que est\u00e1 na Terra; atrai para os verdadeiros princ\u00edpios da lei de Deus e consola pela f\u00e9 e pela esperan\u00e7a.\u201d<br>\n          <span style=\"font-style: italic; font-weight: 700; font-size: 1rem;\">Allan Kardec (O Evangelho segundo o Espiritismo, cap. VI, item 4) <\/span>\n        <\/p>\n        <p class=\"u-align-justify u-text u-text-body-alt-color u-text-3\">\n          <span style=\"font-weight: 700; font-size: 1.875rem;\">\n            <span style=\"font-size: 1.25rem;\">Princ\u00edpios da Doutrina Esp\u00edrita<\/span>\n          <\/span>\n          <br>\n          <br>\u201cDeus \u00e9 eterno, imut\u00e1vel, imaterial, \u00fanico, todo-poderoso, soberanamente justo e bom.\u201d;<br>\u201cOs Esp\u00edritos vestem temporariamente um corpo material perec\u00edvel, cuja destrui\u00e7\u00e3o pela morte lhes devolve a liberdade.\u201d;<br>\n          <br>\u201cAs comunica\u00e7\u00f5es dos Esp\u00edritos com os homens s\u00e3o ocultas ou ostensivas. As comunica\u00e7\u00f5es ocultas ocorrem pela influ\u00eancia boa ou m\u00e1 que exercem sobre n\u00f3s sem o sabermos; cabe ao nosso julgamento discernir as boas das m\u00e1s inspira\u00e7\u00f5es. As comunica\u00e7\u00f5es ostensivas ocorrem por meio da escrita, da palavra ou outras manifesta\u00e7\u00f5es materiais, muitas vezes por m\u00e9diuns que lhes servem de instrumento.\u201d;<br>\n          <br>\u201cAs diferentes exist\u00eancias corporais do Esp\u00edrito s\u00e3o sempre progressivas e o Esp\u00edrito nunca retrocede, mas o tempo necess\u00e1rio para progredir depende dos esfor\u00e7os de cada um para chegar \u00e0 perfei\u00e7\u00e3o.\u201d;<br>\n          <br>\u201cOs Esp\u00edritos encarnados habitam os diferentes globos do universo.\u201d;<br>\n          <br>\u201cA moral dos Esp\u00edritos superiores se resume, como a de Cristo, neste ensinamento evang\u00e9lico: \u2018Fazer aos outros o que querer\u00edamos que os outros nos fizessem\u2019, ou seja, fazer o bem e n\u00e3o o mal. O homem encontra neste princ\u00edpio a regra universal de conduta, mesmo para as suas menores ac\u00e7\u00f5es.\u201d<br>\n          <span style=\"font-weight: 700; font-style: italic; font-size: 1rem;\">(O Livro dos Esp\u00edritos, Introdu\u00e7\u00e3o ao Estudo da Doutrina Esp\u00edrita, item 6)<\/span>\n          <br>\n          <br>\n          <span style=\"font-weight: 700;\">\n            <br>\n            <br>\n            <br>Pr\u00e1tica Esp\u00edrita\n          <\/span>\n          <br>\n          <br>Toda a pr\u00e1tica esp\u00edrita \u00e9 gratuita, dentro do princ\u00edpio do Evangelho: \"Dai de gra\u00e7a o que de gra\u00e7a recebestes\".<br>\n          <br>A pr\u00e1tica esp\u00edrita \u00e9 realizada sem nenhum culto exterior, dentro do princ\u00edpio crist\u00e3o de que Deus deve ser adorado em esp\u00edrito e verdade.<br>\n          <br>O Espiritismo n\u00e3o tem corpo sacerdotal e n\u00e3o adopta e nem usa em suas reuni\u00f5es e em suas pr\u00e1ticas: paramentos, bebidas alco\u00f3licas, incenso, fumo, altares, imagens, andores, velas, prociss\u00f5es, talism\u00e3s, amuletos, sacramentos, concess\u00f5es de indulg\u00eancia, hor\u00f3scopos, cartomancia, pir\u00e2mides, cristais, b\u00fazios, rituais, ou quaisquer outras formas de culto exterior.<br>\n          <br>O Espiritismo n\u00e3o imp\u00f5e os seus princ\u00edpios. Convida os interessados em conhec\u00ea-lo a submeter os seus ensinos ao crivo da raz\u00e3o antes de aceit\u00e1-los.<br>\n          <br>A mediunidade, que permite a comunica\u00e7\u00e3o dos Esp\u00edritos com os homens, \u00e9 um dom que muitas pessoas trazem consigo ao nascer, independentemente da directriz doutrin\u00e1ria de vida que adopte.<br>\n          <br>Pr\u00e1tica medi\u00fanica esp\u00edrita s\u00f3 \u00e9 aquela que \u00e9 exercida com base nos princ\u00edpios da Doutrina Esp\u00edrita e dentro da moral crist\u00e3.<br>\n          <br>O Espiritismo respeita todas as religi\u00f5es, valoriza todos os esfor\u00e7os para a pr\u00e1tica do bem, trabalha pela confraterniza\u00e7\u00e3o entre todos os homens independentemente de sua ra\u00e7a, cor, nacionalidade, cren\u00e7a ou n\u00edvel cultural e social, e reconhece que:<br>\n          <br>- \"o verdadeiro homem de bem \u00e9 o que cumpre a lei de justi\u00e7a, de amor e de caridade, na sua maior pureza\";<br>- \"Nascer, morrer, renascer ainda e progredir sempre, tal \u00e9 a lei.\";<br>- \"F\u00e9 inabal\u00e1vel s\u00f3 a \u00e9 a que pode encarar frente-a-frente a raz\u00e3o, em todas as \u00e9pocas da Humanidade\";<br>- \"Fora da caridade n\u00e3o h\u00e1 salva\u00e7\u00e3o\";<br>\n          <br>\n          <span style=\"font-weight: 700; font-style: italic;\">O estudo das obras de Allan Kardec \u00e9 fundamental para o correcto conhecimento da Doutrina Esp\u00edrita.<\/span>\n        <\/p>\n      <\/div>\n    <\/section>\n    \n    \n  \n<\/div>","protected":false},"excerpt":{"rendered":"<p>o que \u00e9 o espiritismo? \u201cO espiritismo \u00e9, ao mesmo tempo, uma ci\u00eancia de observa\u00e7\u00e3o e uma doutrina filos\u00f3fica. Como ci\u00eancia pr\u00e1tica, consiste nas rela\u00e7\u00f5es que se estabelecem entre n\u00f3s e os esp\u00edritos; como filosofia, compreende todas as consequ\u00eancias morais que dimanam dessas mesmas rela\u00e7\u00f5es.\u201d Allan Kardec (O que \u00e9 o Espiritismo) \u201cO Espiritismo \u00e9&hellip; <a class=\"more-link\" href=\"https:\/\/novositecentro.ceperdaoecaridade.pt\/inicio\/o-que-e-o-espiritismo\/\">Continue a ler <span class=\"screen-reader-text\">O que \u00e9 o Espiritismo<\/span><\/a><\/p>\n","protected":false},"author":2,"featured_media":0,"parent":0,"menu_order":1,"comment_status":"closed","ping_status":"closed","template":"","meta":{"footnotes":""},"class_list":["post-663","page","type-page","status-publish","hentry","entry"],"_links":{"self":[{"href":"https:\/\/novositecentro.ceperdaoecaridade.pt\/inicio\/wp-json\/wp\/v2\/pages\/663","targetHints":{"allow":["GET"]}}],"collection":[{"href":"https:\/\/novositecentro.ceperdaoecaridade.pt\/inicio\/wp-json\/wp\/v2\/pages"}],"about":[{"href":"https:\/\/novositecentro.ceperdaoecaridade.pt\/inicio\/wp-json\/wp\/v2\/types\/page"}],"author":[{"embeddable":true,"href":"https:\/\/novositecentro.ceperdaoecaridade.pt\/inicio\/wp-json\/wp\/v2\/users\/2"}],"replies":[{"embeddable":true,"href":"https:\/\/novositecentro.ceperdaoecaridade.pt\/inicio\/wp-json\/wp\/v2\/comments?post=663"}],"version-history":[{"count":6,"href":"https:\/\/novositecentro.ceperdaoecaridade.pt\/inicio\/wp-json\/wp\/v2\/pages\/663\/revisions"}],"predecessor-version":[{"id":1273,"href":"https:\/\/novositecentro.ceperdaoecaridade.pt\/inicio\/wp-json\/wp\/v2\/pages\/663\/revisions\/1273"}],"wp:attachment":[{"href":"https:\/\/novositecentro.ceperdaoecaridade.pt\/inicio\/wp-json\/wp\/v2\/media?parent=663"}],"curies":[{"name":"wp","href":"https:\/\/api.w.org\/{rel}","templated":true}]}}